{"id":5468,"date":"2026-01-06T15:37:46","date_gmt":"2026-01-06T15:37:46","guid":{"rendered":"https:\/\/www.isoc.cl\/?page_id=5468"},"modified":"2026-01-06T15:37:47","modified_gmt":"2026-01-06T15:37:47","slug":"politicas-de-privacidad","status":"publish","type":"page","link":"https:\/\/www.isoc.cl\/?page_id=5468","title":{"rendered":"Politicas de Privacidad"},"content":{"rendered":"\n<style>\n.node-construction-container {\n    max-width: 800px;\n    margin: 80px auto;\n    text-align: center;\n    padding: 0 20px;\n    font-family: 'Hind', sans-serif;\n}\n.node-construction-icon {\n    width: 64px;\n    height: 64px;\n    fill: #3A82E4;\n    margin-bottom: 20px;\n}\n.node-construction-title {\n    font-size: 32px;\n    color: #0C1C2C;\n    margin-bottom: 15px;\n    font-weight: 700;\n}\n.node-construction-text {\n    font-size: 18px;\n    color: #555;\n    line-height: 1.5;\n}\n<\/style>\n\n<div class=\"node-construction-container\">\n    <svg class=\"node-construction-icon\" xmlns=\"http:\/\/www.w3.org\/2000\/svg\" viewBox=\"0 0 24 24\">\n        <path d=\"M12 2C6.48 2 2 6.48 2 12s4.48 10 10 10 10-4.48 10-10S17.52 2 12 2zm1 15h-2v-6h2v6zm0-8h-2V7h2v2z\"\/>\n    <\/svg>\n    <h1 class=\"node-construction-title\">Pol\u00edtica de Privacidad<\/h1>\n    <p class=\"node-construction-text\">[En Construcci\u00f3n]<br>El contenido de esta secci\u00f3n estar\u00e1 disponible pr\u00f3ximamente.<\/p>\n<\/div>\n","protected":false},"excerpt":{"rendered":"<p>Pol\u00edtica de Privacidad [En Construcci\u00f3n]El contenido de esta secci\u00f3n estar\u00e1 disponible pr\u00f3ximamente.<\/p>\n","protected":false},"author":8,"featured_media":4150,"parent":0,"menu_order":0,"comment_status":"closed","ping_status":"closed","template":"pagina-interna-isoc-2025","meta":{"footnotes":""},"class_list":["post-5468","page","type-page","status-publish","has-post-thumbnail","hentry"],"yoast_head":"<!-- This site is optimized with the Yoast SEO plugin v26.8 - https:\/\/yoast.com\/product\/yoast-seo-wordpress\/ -->\n<title>Politicas de Privacidad &#8212; Internet Society Capitulo Chile \u00a9 2024<\/title>\n<meta name=\"robots\" content=\"index, follow, max-snippet:-1, max-image-preview:large, max-video-preview:-1\" \/>\n<link rel=\"canonical\" href=\"https:\/\/www.isoc.cl\/?page_id=5468\" \/>\n<meta property=\"og:locale\" content=\"es_ES\" \/>\n<meta property=\"og:type\" content=\"article\" \/>\n<meta property=\"og:title\" content=\"Politicas de Privacidad &#8212; Internet Society Capitulo Chile \u00a9 2024\" \/>\n<meta property=\"og:description\" content=\"Pol\u00edtica de Privacidad [En Construcci\u00f3n]El contenido de esta secci\u00f3n estar\u00e1 disponible pr\u00f3ximamente.\" \/>\n<meta property=\"og:url\" content=\"https:\/\/www.isoc.cl\/?page_id=5468\" \/>\n<meta property=\"og:site_name\" content=\"Internet Society Capitulo Chile \u00a9 2024\" \/>\n<meta property=\"article:publisher\" content=\"https:\/\/facebook.com\/InternetSocietyCapituloChile\" \/>\n<meta property=\"article:modified_time\" content=\"2026-01-06T15:37:47+00:00\" \/>\n<meta property=\"og:image\" content=\"https:\/\/www.isoc.cl\/wp-content\/uploads\/2023\/12\/Internet-2.png\" \/>\n\t<meta property=\"og:image:width\" content=\"1913\" \/>\n\t<meta property=\"og:image:height\" content=\"864\" \/>\n\t<meta property=\"og:image:type\" content=\"image\/png\" \/>\n<meta name=\"twitter:card\" content=\"summary_large_image\" \/>\n<meta name=\"twitter:site\" content=\"@isoc_chile\" \/>\n<meta name=\"twitter:label1\" content=\"Tiempo estimado de lectura\" \/>\n\t<meta name=\"twitter:data1\" content=\"1 minuto\" \/>\n<script type=\"application\/ld+json\" class=\"yoast-schema-graph\">{\"@context\":\"https:\/\/schema.org\",\"@graph\":[{\"@type\":\"WebPage\",\"@id\":\"https:\/\/www.isoc.cl\/?page_id=5468\",\"url\":\"https:\/\/www.isoc.cl\/?page_id=5468\",\"name\":\"Politicas de Privacidad &#8212; Internet Society Capitulo Chile \u00a9 2024\",\"isPartOf\":{\"@id\":\"https:\/\/www.isoc.cl\/#website\"},\"primaryImageOfPage\":{\"@id\":\"https:\/\/www.isoc.cl\/?page_id=5468#primaryimage\"},\"image\":{\"@id\":\"https:\/\/www.isoc.cl\/?page_id=5468#primaryimage\"},\"thumbnailUrl\":\"https:\/\/www.isoc.cl\/wp-content\/uploads\/2022\/05\/fondo_antena_azul.jpg\",\"datePublished\":\"2026-01-06T15:37:46+00:00\",\"dateModified\":\"2026-01-06T15:37:47+00:00\",\"breadcrumb\":{\"@id\":\"https:\/\/www.isoc.cl\/?page_id=5468#breadcrumb\"},\"inLanguage\":\"es-CL\",\"potentialAction\":[{\"@type\":\"ReadAction\",\"target\":[\"https:\/\/www.isoc.cl\/?page_id=5468\"]}]},{\"@type\":\"ImageObject\",\"inLanguage\":\"es-CL\",\"@id\":\"https:\/\/www.isoc.cl\/?page_id=5468#primaryimage\",\"url\":\"https:\/\/www.isoc.cl\/wp-content\/uploads\/2022\/05\/fondo_antena_azul.jpg\",\"contentUrl\":\"https:\/\/www.isoc.cl\/wp-content\/uploads\/2022\/05\/fondo_antena_azul.jpg\",\"width\":1035,\"height\":723},{\"@type\":\"BreadcrumbList\",\"@id\":\"https:\/\/www.isoc.cl\/?page_id=5468#breadcrumb\",\"itemListElement\":[{\"@type\":\"ListItem\",\"position\":1,\"name\":\"Portada\",\"item\":\"https:\/\/www.isoc.cl\/\"},{\"@type\":\"ListItem\",\"position\":2,\"name\":\"Politicas de Privacidad\"}]},{\"@type\":\"WebSite\",\"@id\":\"https:\/\/www.isoc.cl\/#website\",\"url\":\"https:\/\/www.isoc.cl\/\",\"name\":\"Internet Society Capitulo Chile\",\"description\":\"ISOC CHILE\",\"publisher\":{\"@id\":\"https:\/\/www.isoc.cl\/#organization\"},\"alternateName\":\"ISOC Chile\",\"potentialAction\":[{\"@type\":\"SearchAction\",\"target\":{\"@type\":\"EntryPoint\",\"urlTemplate\":\"https:\/\/www.isoc.cl\/?s={search_term_string}\"},\"query-input\":{\"@type\":\"PropertyValueSpecification\",\"valueRequired\":true,\"valueName\":\"search_term_string\"}}],\"inLanguage\":\"es-CL\"},{\"@type\":\"Organization\",\"@id\":\"https:\/\/www.isoc.cl\/#organization\",\"name\":\"Internet Society Capitulo Chile\",\"url\":\"https:\/\/www.isoc.cl\/\",\"logo\":{\"@type\":\"ImageObject\",\"inLanguage\":\"es-CL\",\"@id\":\"https:\/\/www.isoc.cl\/#\/schema\/logo\/image\/\",\"url\":\"https:\/\/www.isoc.cl\/wp-content\/uploads\/2022\/05\/cropped-faviconV2.png\",\"contentUrl\":\"https:\/\/www.isoc.cl\/wp-content\/uploads\/2022\/05\/cropped-faviconV2.png\",\"width\":512,\"height\":512,\"caption\":\"Internet Society Capitulo Chile\"},\"image\":{\"@id\":\"https:\/\/www.isoc.cl\/#\/schema\/logo\/image\/\"},\"sameAs\":[\"https:\/\/facebook.com\/InternetSocietyCapituloChile\",\"https:\/\/x.com\/isoc_chile\",\"https:\/\/www.linkedin.com\/in\/internet-society-chile\/\"]}]}<\/script>\n<!-- \/ Yoast SEO plugin. -->","yoast_head_json":{"title":"Politicas de Privacidad &#8212; Internet Society Capitulo Chile \u00a9 2024","robots":{"index":"index","follow":"follow","max-snippet":"max-snippet:-1","max-image-preview":"max-image-preview:large","max-video-preview":"max-video-preview:-1"},"canonical":"https:\/\/www.isoc.cl\/?page_id=5468","og_locale":"es_ES","og_type":"article","og_title":"Politicas de Privacidad &#8212; Internet Society Capitulo Chile \u00a9 2024","og_description":"Pol\u00edtica de Privacidad [En Construcci\u00f3n]El contenido de esta secci\u00f3n estar\u00e1 disponible pr\u00f3ximamente.","og_url":"https:\/\/www.isoc.cl\/?page_id=5468","og_site_name":"Internet Society Capitulo Chile \u00a9 2024","article_publisher":"https:\/\/facebook.com\/InternetSocietyCapituloChile","article_modified_time":"2026-01-06T15:37:47+00:00","og_image":[{"width":1913,"height":864,"url":"https:\/\/www.isoc.cl\/wp-content\/uploads\/2023\/12\/Internet-2.png","type":"image\/png"}],"twitter_card":"summary_large_image","twitter_site":"@isoc_chile","twitter_misc":{"Tiempo estimado de lectura":"1 minuto"},"schema":{"@context":"https:\/\/schema.org","@graph":[{"@type":"WebPage","@id":"https:\/\/www.isoc.cl\/?page_id=5468","url":"https:\/\/www.isoc.cl\/?page_id=5468","name":"Politicas de Privacidad &#8212; Internet Society Capitulo Chile \u00a9 2024","isPartOf":{"@id":"https:\/\/www.isoc.cl\/#website"},"primaryImageOfPage":{"@id":"https:\/\/www.isoc.cl\/?page_id=5468#primaryimage"},"image":{"@id":"https:\/\/www.isoc.cl\/?page_id=5468#primaryimage"},"thumbnailUrl":"https:\/\/www.isoc.cl\/wp-content\/uploads\/2022\/05\/fondo_antena_azul.jpg","datePublished":"2026-01-06T15:37:46+00:00","dateModified":"2026-01-06T15:37:47+00:00","breadcrumb":{"@id":"https:\/\/www.isoc.cl\/?page_id=5468#breadcrumb"},"inLanguage":"es-CL","potentialAction":[{"@type":"ReadAction","target":["https:\/\/www.isoc.cl\/?page_id=5468"]}]},{"@type":"ImageObject","inLanguage":"es-CL","@id":"https:\/\/www.isoc.cl\/?page_id=5468#primaryimage","url":"https:\/\/www.isoc.cl\/wp-content\/uploads\/2022\/05\/fondo_antena_azul.jpg","contentUrl":"https:\/\/www.isoc.cl\/wp-content\/uploads\/2022\/05\/fondo_antena_azul.jpg","width":1035,"height":723},{"@type":"BreadcrumbList","@id":"https:\/\/www.isoc.cl\/?page_id=5468#breadcrumb","itemListElement":[{"@type":"ListItem","position":1,"name":"Portada","item":"https:\/\/www.isoc.cl\/"},{"@type":"ListItem","position":2,"name":"Politicas de Privacidad"}]},{"@type":"WebSite","@id":"https:\/\/www.isoc.cl\/#website","url":"https:\/\/www.isoc.cl\/","name":"Internet Society Capitulo Chile","description":"ISOC CHILE","publisher":{"@id":"https:\/\/www.isoc.cl\/#organization"},"alternateName":"ISOC Chile","potentialAction":[{"@type":"SearchAction","target":{"@type":"EntryPoint","urlTemplate":"https:\/\/www.isoc.cl\/?s={search_term_string}"},"query-input":{"@type":"PropertyValueSpecification","valueRequired":true,"valueName":"search_term_string"}}],"inLanguage":"es-CL"},{"@type":"Organization","@id":"https:\/\/www.isoc.cl\/#organization","name":"Internet Society Capitulo Chile","url":"https:\/\/www.isoc.cl\/","logo":{"@type":"ImageObject","inLanguage":"es-CL","@id":"https:\/\/www.isoc.cl\/#\/schema\/logo\/image\/","url":"https:\/\/www.isoc.cl\/wp-content\/uploads\/2022\/05\/cropped-faviconV2.png","contentUrl":"https:\/\/www.isoc.cl\/wp-content\/uploads\/2022\/05\/cropped-faviconV2.png","width":512,"height":512,"caption":"Internet Society Capitulo Chile"},"image":{"@id":"https:\/\/www.isoc.cl\/#\/schema\/logo\/image\/"},"sameAs":["https:\/\/facebook.com\/InternetSocietyCapituloChile","https:\/\/x.com\/isoc_chile","https:\/\/www.linkedin.com\/in\/internet-society-chile\/"]}]}},"_links":{"self":[{"href":"https:\/\/www.isoc.cl\/index.php?rest_route=\/wp\/v2\/pages\/5468","targetHints":{"allow":["GET"]}}],"collection":[{"href":"https:\/\/www.isoc.cl\/index.php?rest_route=\/wp\/v2\/pages"}],"about":[{"href":"https:\/\/www.isoc.cl\/index.php?rest_route=\/wp\/v2\/types\/page"}],"author":[{"embeddable":true,"href":"https:\/\/www.isoc.cl\/index.php?rest_route=\/wp\/v2\/users\/8"}],"replies":[{"embeddable":true,"href":"https:\/\/www.isoc.cl\/index.php?rest_route=%2Fwp%2Fv2%2Fcomments&post=5468"}],"version-history":[{"count":2,"href":"https:\/\/www.isoc.cl\/index.php?rest_route=\/wp\/v2\/pages\/5468\/revisions"}],"predecessor-version":[{"id":5473,"href":"https:\/\/www.isoc.cl\/index.php?rest_route=\/wp\/v2\/pages\/5468\/revisions\/5473"}],"wp:featuredmedia":[{"embeddable":true,"href":"https:\/\/www.isoc.cl\/index.php?rest_route=\/wp\/v2\/media\/4150"}],"wp:attachment":[{"href":"https:\/\/www.isoc.cl\/index.php?rest_route=%2Fwp%2Fv2%2Fmedia&parent=5468"}],"curies":[{"name":"wp","href":"https:\/\/api.w.org\/{rel}","templated":true}]}}