{"id":5090,"date":"2025-12-30T20:51:38","date_gmt":"2025-12-30T20:51:38","guid":{"rendered":"https:\/\/www.isoc.cl\/?page_id=5090"},"modified":"2026-01-05T03:37:27","modified_gmt":"2026-01-05T03:37:27","slug":"comision-de-sostenibilidad-y-alianzas","status":"publish","type":"page","link":"https:\/\/www.isoc.cl\/?page_id=5090","title":{"rendered":"Comit\u00e9 de Sostenibilidad y Alianzas"},"content":{"rendered":"\n\n\n<div class=\"isoc-committee-layout\">\n    <div class=\"isoc-committee-icon-box\">\n<svg version=\"1.1\" viewBox=\"0 0 192 192\"> <g transform=\"matrix(0.13333333,0,0,-0.13333333,0,192)\"> <path d=\"m 897.98,120 h -42.265 c -8.344,0 -15.235,5.629 -18.047,13.48 C 832.117,148.93 817.336,160 800,160 H 639.996 C 622.668,160 607.875,148.93 602.328,133.48 599.516,125.629 592.621,120 584.285,120 h -42.269 c -12.387,0 -22.145,11.211 -19.735,23.371 C 533.184,198.391 581.82,240 639.996,240 H 800 c 58.176,0 106.816,-41.609 117.715,-96.629 C 920.129,131.211 910.359,120 897.98,120\" style=\"fill:#3a82e4;fill-opacity:1;fill-rule:nonzero;stroke:none\" \/> <path d=\"m 1240,259.398 -158.71,267.321 c 2.77,7.715 10.09,13.281 18.75,13.281 H 1220 c 11.03,0 20,-8.977 20,-20 z M 640,760 v 120 c 0,11.031 8.969,20 20,20 h 120 c 11.023,0 20,-8.969 20,-20 V 760 Z M 200,259.449 V 520 c 0,11.023 8.969,20 20,20 h 119.961 c 8.656,0 15.977,-5.566 18.75,-13.27 z M 210.234,120 542.77,680 H 897.227 L 1229.73,120 H 1320 v 400 c 0,55.227 -44.78,100 -100,100 h -119.96 c -23.19,0 -44.51,-8.008 -61.5,-21.309 l -89.954,151.52 C 944.98,756.277 938.445,760 931.387,760 H 880 v 120 c 0,55.23 -44.773,100 -100,100 H 660 C 604.77,980 560,935.23 560,880 V 760 h -51.387 c -7.054,0 -13.59,-3.723 -17.191,-9.789 L 401.445,598.691 C 384.469,611.992 363.152,620 339.961,620 H 220 C 164.77,620 120,575.227 120,520 V 120 Z M 1170,880 c -38.59,0 -70,-31.402 -70,-70 0,-38.598 31.41,-70 70,-70 38.59,0 70,31.402 70,70 0,38.598 -31.41,70 -70,70 z m 0,-220 c -82.71,0 -150,67.289 -150,150 0,82.711 67.29,150 150,150 82.71,0 150,-67.289 150,-150 0,-82.711 -67.29,-150 -150,-150 z M 270,880 c -38.598,0 -70,-31.402 -70,-70 0,-38.598 31.402,-70 70,-70 38.598,0 70,31.402 70,70 0,38.598 -31.402,70 -70,70 z m 0,-220 c -82.711,0 -150,67.289 -150,150 0,82.711 67.289,150 150,150 82.711,0 150,-67.289 150,-150 0,-82.711 -67.289,-150 -150,-150 z M 720,500 c -38.598,0 -70,-31.406 -70,-70 0,-38.59 31.402,-70 70,-70 38.594,0 70,31.41 70,70 0,38.594 -31.406,70 -70,70 z m 0,-220 c -82.711,0 -150,67.289 -150,150 0,82.715 67.289,150 150,150 82.715,0 150,-67.285 150,-150 0,-82.711 -67.285,-150 -150,-150 z m 0,960 c -38.598,0 -70,-31.4 -70,-70 0,-38.6 31.402,-70 70,-70 38.594,0 70,31.4 70,70 0,38.6 -31.406,70 -70,70 z m 0,-220 c -82.711,0 -150,67.29 -150,150 0,82.71 67.289,150 150,150 82.715,0 150,-67.29 150,-150 0,-82.71 -67.285,-150 -150,-150\" style=\"fill:#0c1c2c;fill-opacity:1;fill-rule:nonzero;stroke:none\" \/> <\/g> <\/svg>\n        <\/div>\n\n    <div class=\"isoc-committee-text\">\n        <p>Trabaja para asegurar la continuidad del cap\u00edtulo. Gestiona fondos, impulsa convenios y alianzas estrat\u00e9gicas, y dise\u00f1a iniciativas de sostenibilidad que permitan desarrollar las actividades de ISOC Chile de manera responsable y transparente.<\/p>\n    <\/div>\n\n    <a href=\"mailto:comunicaciones@isoc.cl?subject=Inter\u00e9s%20Comit\u00e9%20Sostenibilidad\" class=\"isoc-committee-cta\">\n        Participar en este Comit\u00e9\n    <\/a>\n<\/div>\n","protected":false},"excerpt":{"rendered":"<p>Trabaja para asegurar la continuidad del cap\u00edtulo. Gestiona fondos, impulsa convenios y alianzas estrat\u00e9gicas, y dise\u00f1a iniciativas de sostenibilidad que permitan desarrollar las actividades de ISOC Chile de manera responsable y transparente. Participar en este Comit\u00e9<\/p>\n","protected":false},"author":8,"featured_media":4150,"parent":4736,"menu_order":0,"comment_status":"closed","ping_status":"closed","template":"pagina-interna-isoc-2025","meta":{"footnotes":""},"class_list":["post-5090","page","type-page","status-publish","has-post-thumbnail","hentry"],"yoast_head":"<!-- This site is optimized with the Yoast SEO plugin v26.8 - https:\/\/yoast.com\/product\/yoast-seo-wordpress\/ -->\n<title>Comit\u00e9 de Sostenibilidad y Alianzas &#8212; Internet Society Capitulo Chile \u00a9 2024<\/title>\n<meta name=\"robots\" content=\"index, follow, max-snippet:-1, max-image-preview:large, max-video-preview:-1\" \/>\n<link rel=\"canonical\" href=\"https:\/\/www.isoc.cl\/?page_id=5090\" \/>\n<meta property=\"og:locale\" content=\"es_ES\" \/>\n<meta property=\"og:type\" content=\"article\" \/>\n<meta property=\"og:title\" content=\"Comit\u00e9 de Sostenibilidad y Alianzas &#8212; Internet Society Capitulo Chile \u00a9 2024\" \/>\n<meta property=\"og:description\" content=\"Trabaja para asegurar la continuidad del cap\u00edtulo. Gestiona fondos, impulsa convenios y alianzas estrat\u00e9gicas, y dise\u00f1a iniciativas de sostenibilidad que permitan desarrollar las actividades de ISOC Chile de manera responsable y transparente. Participar en este Comit\u00e9\" \/>\n<meta property=\"og:url\" content=\"https:\/\/www.isoc.cl\/?page_id=5090\" \/>\n<meta property=\"og:site_name\" content=\"Internet Society Capitulo Chile \u00a9 2024\" \/>\n<meta property=\"article:publisher\" content=\"https:\/\/facebook.com\/InternetSocietyCapituloChile\" \/>\n<meta property=\"article:modified_time\" content=\"2026-01-05T03:37:27+00:00\" \/>\n<meta property=\"og:image\" content=\"https:\/\/www.isoc.cl\/wp-content\/uploads\/2022\/05\/fondo_antena_azul.jpg\" \/>\n\t<meta property=\"og:image:width\" content=\"1035\" \/>\n\t<meta property=\"og:image:height\" content=\"723\" \/>\n\t<meta property=\"og:image:type\" content=\"image\/jpeg\" \/>\n<meta name=\"twitter:card\" content=\"summary_large_image\" \/>\n<meta name=\"twitter:site\" content=\"@isoc_chile\" \/>\n<meta name=\"twitter:label1\" content=\"Tiempo estimado de lectura\" \/>\n\t<meta name=\"twitter:data1\" content=\"1 minuto\" \/>\n<script type=\"application\/ld+json\" class=\"yoast-schema-graph\">{\"@context\":\"https:\/\/schema.org\",\"@graph\":[{\"@type\":\"WebPage\",\"@id\":\"https:\/\/www.isoc.cl\/?page_id=5090\",\"url\":\"https:\/\/www.isoc.cl\/?page_id=5090\",\"name\":\"Comit\u00e9 de Sostenibilidad y Alianzas &#8212; Internet Society Capitulo Chile \u00a9 2024\",\"isPartOf\":{\"@id\":\"https:\/\/www.isoc.cl\/#website\"},\"primaryImageOfPage\":{\"@id\":\"https:\/\/www.isoc.cl\/?page_id=5090#primaryimage\"},\"image\":{\"@id\":\"https:\/\/www.isoc.cl\/?page_id=5090#primaryimage\"},\"thumbnailUrl\":\"https:\/\/www.isoc.cl\/wp-content\/uploads\/2022\/05\/fondo_antena_azul.jpg\",\"datePublished\":\"2025-12-30T20:51:38+00:00\",\"dateModified\":\"2026-01-05T03:37:27+00:00\",\"breadcrumb\":{\"@id\":\"https:\/\/www.isoc.cl\/?page_id=5090#breadcrumb\"},\"inLanguage\":\"es-CL\",\"potentialAction\":[{\"@type\":\"ReadAction\",\"target\":[\"https:\/\/www.isoc.cl\/?page_id=5090\"]}]},{\"@type\":\"ImageObject\",\"inLanguage\":\"es-CL\",\"@id\":\"https:\/\/www.isoc.cl\/?page_id=5090#primaryimage\",\"url\":\"https:\/\/www.isoc.cl\/wp-content\/uploads\/2022\/05\/fondo_antena_azul.jpg\",\"contentUrl\":\"https:\/\/www.isoc.cl\/wp-content\/uploads\/2022\/05\/fondo_antena_azul.jpg\",\"width\":1035,\"height\":723},{\"@type\":\"BreadcrumbList\",\"@id\":\"https:\/\/www.isoc.cl\/?page_id=5090#breadcrumb\",\"itemListElement\":[{\"@type\":\"ListItem\",\"position\":1,\"name\":\"Portada\",\"item\":\"https:\/\/www.isoc.cl\/\"},{\"@type\":\"ListItem\",\"position\":2,\"name\":\"Comit\u00e9s\",\"item\":\"https:\/\/www.isoc.cl\/?page_id=4736\"},{\"@type\":\"ListItem\",\"position\":3,\"name\":\"Comit\u00e9 de Sostenibilidad y Alianzas\"}]},{\"@type\":\"WebSite\",\"@id\":\"https:\/\/www.isoc.cl\/#website\",\"url\":\"https:\/\/www.isoc.cl\/\",\"name\":\"Internet Society Capitulo Chile\",\"description\":\"ISOC CHILE\",\"publisher\":{\"@id\":\"https:\/\/www.isoc.cl\/#organization\"},\"alternateName\":\"ISOC Chile\",\"potentialAction\":[{\"@type\":\"SearchAction\",\"target\":{\"@type\":\"EntryPoint\",\"urlTemplate\":\"https:\/\/www.isoc.cl\/?s={search_term_string}\"},\"query-input\":{\"@type\":\"PropertyValueSpecification\",\"valueRequired\":true,\"valueName\":\"search_term_string\"}}],\"inLanguage\":\"es-CL\"},{\"@type\":\"Organization\",\"@id\":\"https:\/\/www.isoc.cl\/#organization\",\"name\":\"Internet Society Capitulo Chile\",\"url\":\"https:\/\/www.isoc.cl\/\",\"logo\":{\"@type\":\"ImageObject\",\"inLanguage\":\"es-CL\",\"@id\":\"https:\/\/www.isoc.cl\/#\/schema\/logo\/image\/\",\"url\":\"https:\/\/www.isoc.cl\/wp-content\/uploads\/2022\/05\/cropped-faviconV2.png\",\"contentUrl\":\"https:\/\/www.isoc.cl\/wp-content\/uploads\/2022\/05\/cropped-faviconV2.png\",\"width\":512,\"height\":512,\"caption\":\"Internet Society Capitulo Chile\"},\"image\":{\"@id\":\"https:\/\/www.isoc.cl\/#\/schema\/logo\/image\/\"},\"sameAs\":[\"https:\/\/facebook.com\/InternetSocietyCapituloChile\",\"https:\/\/x.com\/isoc_chile\",\"https:\/\/www.linkedin.com\/in\/internet-society-chile\/\"]}]}<\/script>\n<!-- \/ Yoast SEO plugin. -->","yoast_head_json":{"title":"Comit\u00e9 de Sostenibilidad y Alianzas &#8212; Internet Society Capitulo Chile \u00a9 2024","robots":{"index":"index","follow":"follow","max-snippet":"max-snippet:-1","max-image-preview":"max-image-preview:large","max-video-preview":"max-video-preview:-1"},"canonical":"https:\/\/www.isoc.cl\/?page_id=5090","og_locale":"es_ES","og_type":"article","og_title":"Comit\u00e9 de Sostenibilidad y Alianzas &#8212; Internet Society Capitulo Chile \u00a9 2024","og_description":"Trabaja para asegurar la continuidad del cap\u00edtulo. Gestiona fondos, impulsa convenios y alianzas estrat\u00e9gicas, y dise\u00f1a iniciativas de sostenibilidad que permitan desarrollar las actividades de ISOC Chile de manera responsable y transparente. Participar en este Comit\u00e9","og_url":"https:\/\/www.isoc.cl\/?page_id=5090","og_site_name":"Internet Society Capitulo Chile \u00a9 2024","article_publisher":"https:\/\/facebook.com\/InternetSocietyCapituloChile","article_modified_time":"2026-01-05T03:37:27+00:00","og_image":[{"width":1035,"height":723,"url":"https:\/\/www.isoc.cl\/wp-content\/uploads\/2022\/05\/fondo_antena_azul.jpg","type":"image\/jpeg"}],"twitter_card":"summary_large_image","twitter_site":"@isoc_chile","twitter_misc":{"Tiempo estimado de lectura":"1 minuto"},"schema":{"@context":"https:\/\/schema.org","@graph":[{"@type":"WebPage","@id":"https:\/\/www.isoc.cl\/?page_id=5090","url":"https:\/\/www.isoc.cl\/?page_id=5090","name":"Comit\u00e9 de Sostenibilidad y Alianzas &#8212; Internet Society Capitulo Chile \u00a9 2024","isPartOf":{"@id":"https:\/\/www.isoc.cl\/#website"},"primaryImageOfPage":{"@id":"https:\/\/www.isoc.cl\/?page_id=5090#primaryimage"},"image":{"@id":"https:\/\/www.isoc.cl\/?page_id=5090#primaryimage"},"thumbnailUrl":"https:\/\/www.isoc.cl\/wp-content\/uploads\/2022\/05\/fondo_antena_azul.jpg","datePublished":"2025-12-30T20:51:38+00:00","dateModified":"2026-01-05T03:37:27+00:00","breadcrumb":{"@id":"https:\/\/www.isoc.cl\/?page_id=5090#breadcrumb"},"inLanguage":"es-CL","potentialAction":[{"@type":"ReadAction","target":["https:\/\/www.isoc.cl\/?page_id=5090"]}]},{"@type":"ImageObject","inLanguage":"es-CL","@id":"https:\/\/www.isoc.cl\/?page_id=5090#primaryimage","url":"https:\/\/www.isoc.cl\/wp-content\/uploads\/2022\/05\/fondo_antena_azul.jpg","contentUrl":"https:\/\/www.isoc.cl\/wp-content\/uploads\/2022\/05\/fondo_antena_azul.jpg","width":1035,"height":723},{"@type":"BreadcrumbList","@id":"https:\/\/www.isoc.cl\/?page_id=5090#breadcrumb","itemListElement":[{"@type":"ListItem","position":1,"name":"Portada","item":"https:\/\/www.isoc.cl\/"},{"@type":"ListItem","position":2,"name":"Comit\u00e9s","item":"https:\/\/www.isoc.cl\/?page_id=4736"},{"@type":"ListItem","position":3,"name":"Comit\u00e9 de Sostenibilidad y Alianzas"}]},{"@type":"WebSite","@id":"https:\/\/www.isoc.cl\/#website","url":"https:\/\/www.isoc.cl\/","name":"Internet Society Capitulo Chile","description":"ISOC CHILE","publisher":{"@id":"https:\/\/www.isoc.cl\/#organization"},"alternateName":"ISOC Chile","potentialAction":[{"@type":"SearchAction","target":{"@type":"EntryPoint","urlTemplate":"https:\/\/www.isoc.cl\/?s={search_term_string}"},"query-input":{"@type":"PropertyValueSpecification","valueRequired":true,"valueName":"search_term_string"}}],"inLanguage":"es-CL"},{"@type":"Organization","@id":"https:\/\/www.isoc.cl\/#organization","name":"Internet Society Capitulo Chile","url":"https:\/\/www.isoc.cl\/","logo":{"@type":"ImageObject","inLanguage":"es-CL","@id":"https:\/\/www.isoc.cl\/#\/schema\/logo\/image\/","url":"https:\/\/www.isoc.cl\/wp-content\/uploads\/2022\/05\/cropped-faviconV2.png","contentUrl":"https:\/\/www.isoc.cl\/wp-content\/uploads\/2022\/05\/cropped-faviconV2.png","width":512,"height":512,"caption":"Internet Society Capitulo Chile"},"image":{"@id":"https:\/\/www.isoc.cl\/#\/schema\/logo\/image\/"},"sameAs":["https:\/\/facebook.com\/InternetSocietyCapituloChile","https:\/\/x.com\/isoc_chile","https:\/\/www.linkedin.com\/in\/internet-society-chile\/"]}]}},"_links":{"self":[{"href":"https:\/\/www.isoc.cl\/index.php?rest_route=\/wp\/v2\/pages\/5090","targetHints":{"allow":["GET"]}}],"collection":[{"href":"https:\/\/www.isoc.cl\/index.php?rest_route=\/wp\/v2\/pages"}],"about":[{"href":"https:\/\/www.isoc.cl\/index.php?rest_route=\/wp\/v2\/types\/page"}],"author":[{"embeddable":true,"href":"https:\/\/www.isoc.cl\/index.php?rest_route=\/wp\/v2\/users\/8"}],"replies":[{"embeddable":true,"href":"https:\/\/www.isoc.cl\/index.php?rest_route=%2Fwp%2Fv2%2Fcomments&post=5090"}],"version-history":[{"count":4,"href":"https:\/\/www.isoc.cl\/index.php?rest_route=\/wp\/v2\/pages\/5090\/revisions"}],"predecessor-version":[{"id":5410,"href":"https:\/\/www.isoc.cl\/index.php?rest_route=\/wp\/v2\/pages\/5090\/revisions\/5410"}],"up":[{"embeddable":true,"href":"https:\/\/www.isoc.cl\/index.php?rest_route=\/wp\/v2\/pages\/4736"}],"wp:featuredmedia":[{"embeddable":true,"href":"https:\/\/www.isoc.cl\/index.php?rest_route=\/wp\/v2\/media\/4150"}],"wp:attachment":[{"href":"https:\/\/www.isoc.cl\/index.php?rest_route=%2Fwp%2Fv2%2Fmedia&parent=5090"}],"curies":[{"name":"wp","href":"https:\/\/api.w.org\/{rel}","templated":true}]}}