{"id":4748,"date":"2025-12-06T22:01:54","date_gmt":"2025-12-06T22:01:54","guid":{"rendered":"https:\/\/www.isoc.cl\/?page_id=4748"},"modified":"2025-12-08T00:48:41","modified_gmt":"2025-12-08T00:48:41","slug":"estatutos-2","status":"publish","type":"page","link":"https:\/\/www.isoc.cl\/?page_id=4748","title":{"rendered":"Estatutos"},"content":{"rendered":"\n<p style=\"padding-top:var(--wp--preset--spacing--medium);padding-bottom:var(--wp--preset--spacing--medium)\"> Descarga el documento que detalla los <a href=\"https:\/\/drive.google.com\/file\/d\/1zn4Fff8JusuIPm8f1MGBh4XTMYsORjx8\/view?usp=sharing\" target=\"_blank\" rel=\"noreferrer noopener nofollow\">estatutos de creaci\u00f3n del cap\u00edtulo<\/a> de Internet Society (ISOC ) Cap\u00edtulo Chile<\/p>\n","protected":false},"excerpt":{"rendered":"<p>Descarga el documento que detalla los estatutos de creaci\u00f3n del cap\u00edtulo de Internet Society (ISOC ) Cap\u00edtulo Chile<\/p>\n","protected":false},"author":8,"featured_media":4150,"parent":4715,"menu_order":0,"comment_status":"closed","ping_status":"closed","template":"pagina-interna-isoc-2025","meta":{"footnotes":""},"class_list":["post-4748","page","type-page","status-publish","has-post-thumbnail","hentry"],"yoast_head":"<!-- This site is optimized with the Yoast SEO plugin v26.8 - https:\/\/yoast.com\/product\/yoast-seo-wordpress\/ -->\n<title>Estatutos &#8212; Internet Society Capitulo Chile \u00a9 2024<\/title>\n<meta name=\"robots\" content=\"index, follow, max-snippet:-1, max-image-preview:large, max-video-preview:-1\" \/>\n<link rel=\"canonical\" href=\"https:\/\/www.isoc.cl\/?page_id=4748\" \/>\n<meta property=\"og:locale\" content=\"es_ES\" \/>\n<meta property=\"og:type\" content=\"article\" \/>\n<meta property=\"og:title\" content=\"Estatutos &#8212; Internet Society Capitulo Chile \u00a9 2024\" \/>\n<meta property=\"og:description\" content=\"Descarga el documento que detalla los estatutos de creaci\u00f3n del cap\u00edtulo de Internet Society (ISOC ) Cap\u00edtulo Chile\" \/>\n<meta property=\"og:url\" content=\"https:\/\/www.isoc.cl\/?page_id=4748\" \/>\n<meta property=\"og:site_name\" content=\"Internet Society Capitulo Chile \u00a9 2024\" \/>\n<meta property=\"article:publisher\" content=\"https:\/\/facebook.com\/InternetSocietyCapituloChile\" \/>\n<meta property=\"article:modified_time\" content=\"2025-12-08T00:48:41+00:00\" \/>\n<meta property=\"og:image\" content=\"https:\/\/www.isoc.cl\/wp-content\/uploads\/2022\/05\/fondo_antena_azul.jpg\" \/>\n\t<meta property=\"og:image:width\" content=\"1035\" \/>\n\t<meta property=\"og:image:height\" content=\"723\" \/>\n\t<meta property=\"og:image:type\" content=\"image\/jpeg\" \/>\n<meta name=\"twitter:card\" content=\"summary_large_image\" \/>\n<meta name=\"twitter:site\" content=\"@isoc_chile\" \/>\n<meta name=\"twitter:label1\" content=\"Tiempo estimado de lectura\" \/>\n\t<meta name=\"twitter:data1\" content=\"1 minuto\" \/>\n<script type=\"application\/ld+json\" class=\"yoast-schema-graph\">{\"@context\":\"https:\/\/schema.org\",\"@graph\":[{\"@type\":\"WebPage\",\"@id\":\"https:\/\/www.isoc.cl\/?page_id=4748\",\"url\":\"https:\/\/www.isoc.cl\/?page_id=4748\",\"name\":\"Estatutos &#8212; Internet Society Capitulo Chile \u00a9 2024\",\"isPartOf\":{\"@id\":\"https:\/\/www.isoc.cl\/#website\"},\"primaryImageOfPage\":{\"@id\":\"https:\/\/www.isoc.cl\/?page_id=4748#primaryimage\"},\"image\":{\"@id\":\"https:\/\/www.isoc.cl\/?page_id=4748#primaryimage\"},\"thumbnailUrl\":\"https:\/\/www.isoc.cl\/wp-content\/uploads\/2022\/05\/fondo_antena_azul.jpg\",\"datePublished\":\"2025-12-06T22:01:54+00:00\",\"dateModified\":\"2025-12-08T00:48:41+00:00\",\"breadcrumb\":{\"@id\":\"https:\/\/www.isoc.cl\/?page_id=4748#breadcrumb\"},\"inLanguage\":\"es-CL\",\"potentialAction\":[{\"@type\":\"ReadAction\",\"target\":[\"https:\/\/www.isoc.cl\/?page_id=4748\"]}]},{\"@type\":\"ImageObject\",\"inLanguage\":\"es-CL\",\"@id\":\"https:\/\/www.isoc.cl\/?page_id=4748#primaryimage\",\"url\":\"https:\/\/www.isoc.cl\/wp-content\/uploads\/2022\/05\/fondo_antena_azul.jpg\",\"contentUrl\":\"https:\/\/www.isoc.cl\/wp-content\/uploads\/2022\/05\/fondo_antena_azul.jpg\",\"width\":1035,\"height\":723},{\"@type\":\"BreadcrumbList\",\"@id\":\"https:\/\/www.isoc.cl\/?page_id=4748#breadcrumb\",\"itemListElement\":[{\"@type\":\"ListItem\",\"position\":1,\"name\":\"Portada\",\"item\":\"https:\/\/www.isoc.cl\/\"},{\"@type\":\"ListItem\",\"position\":2,\"name\":\"Institucional\",\"item\":\"https:\/\/www.isoc.cl\/?page_id=4715\"},{\"@type\":\"ListItem\",\"position\":3,\"name\":\"Estatutos\"}]},{\"@type\":\"WebSite\",\"@id\":\"https:\/\/www.isoc.cl\/#website\",\"url\":\"https:\/\/www.isoc.cl\/\",\"name\":\"Internet Society Capitulo Chile\",\"description\":\"ISOC CHILE\",\"publisher\":{\"@id\":\"https:\/\/www.isoc.cl\/#organization\"},\"alternateName\":\"ISOC Chile\",\"potentialAction\":[{\"@type\":\"SearchAction\",\"target\":{\"@type\":\"EntryPoint\",\"urlTemplate\":\"https:\/\/www.isoc.cl\/?s={search_term_string}\"},\"query-input\":{\"@type\":\"PropertyValueSpecification\",\"valueRequired\":true,\"valueName\":\"search_term_string\"}}],\"inLanguage\":\"es-CL\"},{\"@type\":\"Organization\",\"@id\":\"https:\/\/www.isoc.cl\/#organization\",\"name\":\"Internet Society Capitulo Chile\",\"url\":\"https:\/\/www.isoc.cl\/\",\"logo\":{\"@type\":\"ImageObject\",\"inLanguage\":\"es-CL\",\"@id\":\"https:\/\/www.isoc.cl\/#\/schema\/logo\/image\/\",\"url\":\"https:\/\/www.isoc.cl\/wp-content\/uploads\/2022\/05\/cropped-faviconV2.png\",\"contentUrl\":\"https:\/\/www.isoc.cl\/wp-content\/uploads\/2022\/05\/cropped-faviconV2.png\",\"width\":512,\"height\":512,\"caption\":\"Internet Society Capitulo Chile\"},\"image\":{\"@id\":\"https:\/\/www.isoc.cl\/#\/schema\/logo\/image\/\"},\"sameAs\":[\"https:\/\/facebook.com\/InternetSocietyCapituloChile\",\"https:\/\/x.com\/isoc_chile\",\"https:\/\/www.linkedin.com\/in\/internet-society-chile\/\"]}]}<\/script>\n<!-- \/ Yoast SEO plugin. -->","yoast_head_json":{"title":"Estatutos &#8212; Internet Society Capitulo Chile \u00a9 2024","robots":{"index":"index","follow":"follow","max-snippet":"max-snippet:-1","max-image-preview":"max-image-preview:large","max-video-preview":"max-video-preview:-1"},"canonical":"https:\/\/www.isoc.cl\/?page_id=4748","og_locale":"es_ES","og_type":"article","og_title":"Estatutos &#8212; Internet Society Capitulo Chile \u00a9 2024","og_description":"Descarga el documento que detalla los estatutos de creaci\u00f3n del cap\u00edtulo de Internet Society (ISOC ) Cap\u00edtulo Chile","og_url":"https:\/\/www.isoc.cl\/?page_id=4748","og_site_name":"Internet Society Capitulo Chile \u00a9 2024","article_publisher":"https:\/\/facebook.com\/InternetSocietyCapituloChile","article_modified_time":"2025-12-08T00:48:41+00:00","og_image":[{"width":1035,"height":723,"url":"https:\/\/www.isoc.cl\/wp-content\/uploads\/2022\/05\/fondo_antena_azul.jpg","type":"image\/jpeg"}],"twitter_card":"summary_large_image","twitter_site":"@isoc_chile","twitter_misc":{"Tiempo estimado de lectura":"1 minuto"},"schema":{"@context":"https:\/\/schema.org","@graph":[{"@type":"WebPage","@id":"https:\/\/www.isoc.cl\/?page_id=4748","url":"https:\/\/www.isoc.cl\/?page_id=4748","name":"Estatutos &#8212; Internet Society Capitulo Chile \u00a9 2024","isPartOf":{"@id":"https:\/\/www.isoc.cl\/#website"},"primaryImageOfPage":{"@id":"https:\/\/www.isoc.cl\/?page_id=4748#primaryimage"},"image":{"@id":"https:\/\/www.isoc.cl\/?page_id=4748#primaryimage"},"thumbnailUrl":"https:\/\/www.isoc.cl\/wp-content\/uploads\/2022\/05\/fondo_antena_azul.jpg","datePublished":"2025-12-06T22:01:54+00:00","dateModified":"2025-12-08T00:48:41+00:00","breadcrumb":{"@id":"https:\/\/www.isoc.cl\/?page_id=4748#breadcrumb"},"inLanguage":"es-CL","potentialAction":[{"@type":"ReadAction","target":["https:\/\/www.isoc.cl\/?page_id=4748"]}]},{"@type":"ImageObject","inLanguage":"es-CL","@id":"https:\/\/www.isoc.cl\/?page_id=4748#primaryimage","url":"https:\/\/www.isoc.cl\/wp-content\/uploads\/2022\/05\/fondo_antena_azul.jpg","contentUrl":"https:\/\/www.isoc.cl\/wp-content\/uploads\/2022\/05\/fondo_antena_azul.jpg","width":1035,"height":723},{"@type":"BreadcrumbList","@id":"https:\/\/www.isoc.cl\/?page_id=4748#breadcrumb","itemListElement":[{"@type":"ListItem","position":1,"name":"Portada","item":"https:\/\/www.isoc.cl\/"},{"@type":"ListItem","position":2,"name":"Institucional","item":"https:\/\/www.isoc.cl\/?page_id=4715"},{"@type":"ListItem","position":3,"name":"Estatutos"}]},{"@type":"WebSite","@id":"https:\/\/www.isoc.cl\/#website","url":"https:\/\/www.isoc.cl\/","name":"Internet Society Capitulo Chile","description":"ISOC CHILE","publisher":{"@id":"https:\/\/www.isoc.cl\/#organization"},"alternateName":"ISOC Chile","potentialAction":[{"@type":"SearchAction","target":{"@type":"EntryPoint","urlTemplate":"https:\/\/www.isoc.cl\/?s={search_term_string}"},"query-input":{"@type":"PropertyValueSpecification","valueRequired":true,"valueName":"search_term_string"}}],"inLanguage":"es-CL"},{"@type":"Organization","@id":"https:\/\/www.isoc.cl\/#organization","name":"Internet Society Capitulo Chile","url":"https:\/\/www.isoc.cl\/","logo":{"@type":"ImageObject","inLanguage":"es-CL","@id":"https:\/\/www.isoc.cl\/#\/schema\/logo\/image\/","url":"https:\/\/www.isoc.cl\/wp-content\/uploads\/2022\/05\/cropped-faviconV2.png","contentUrl":"https:\/\/www.isoc.cl\/wp-content\/uploads\/2022\/05\/cropped-faviconV2.png","width":512,"height":512,"caption":"Internet Society Capitulo Chile"},"image":{"@id":"https:\/\/www.isoc.cl\/#\/schema\/logo\/image\/"},"sameAs":["https:\/\/facebook.com\/InternetSocietyCapituloChile","https:\/\/x.com\/isoc_chile","https:\/\/www.linkedin.com\/in\/internet-society-chile\/"]}]}},"_links":{"self":[{"href":"https:\/\/www.isoc.cl\/index.php?rest_route=\/wp\/v2\/pages\/4748","targetHints":{"allow":["GET"]}}],"collection":[{"href":"https:\/\/www.isoc.cl\/index.php?rest_route=\/wp\/v2\/pages"}],"about":[{"href":"https:\/\/www.isoc.cl\/index.php?rest_route=\/wp\/v2\/types\/page"}],"author":[{"embeddable":true,"href":"https:\/\/www.isoc.cl\/index.php?rest_route=\/wp\/v2\/users\/8"}],"replies":[{"embeddable":true,"href":"https:\/\/www.isoc.cl\/index.php?rest_route=%2Fwp%2Fv2%2Fcomments&post=4748"}],"version-history":[{"count":8,"href":"https:\/\/www.isoc.cl\/index.php?rest_route=\/wp\/v2\/pages\/4748\/revisions"}],"predecessor-version":[{"id":4850,"href":"https:\/\/www.isoc.cl\/index.php?rest_route=\/wp\/v2\/pages\/4748\/revisions\/4850"}],"up":[{"embeddable":true,"href":"https:\/\/www.isoc.cl\/index.php?rest_route=\/wp\/v2\/pages\/4715"}],"wp:featuredmedia":[{"embeddable":true,"href":"https:\/\/www.isoc.cl\/index.php?rest_route=\/wp\/v2\/media\/4150"}],"wp:attachment":[{"href":"https:\/\/www.isoc.cl\/index.php?rest_route=%2Fwp%2Fv2%2Fmedia&parent=4748"}],"curies":[{"name":"wp","href":"https:\/\/api.w.org\/{rel}","templated":true}]}}