{"id":4744,"date":"2025-12-06T21:59:44","date_gmt":"2025-12-06T21:59:44","guid":{"rendered":"https:\/\/www.isoc.cl\/?page_id=4744"},"modified":"2026-01-06T15:41:32","modified_gmt":"2026-01-06T15:41:32","slug":"documentos","status":"publish","type":"page","link":"https:\/\/www.isoc.cl\/?page_id=4744","title":{"rendered":"Transparencia"},"content":{"rendered":"<h2 class=\"wp-block-heading has-text-align-center\" style=\"margin-bottom: var(--wp--preset--spacing--x-small);\">Documentos<\/h2>\n<figure class=\"wp-block-table aligncenter is-style-stripes\">\n<table class=\"has-fixed-layout\">\n<tbody>\n<tr>\n<td class=\"has-text-align-center\" data-align=\"center\">Documento<\/td>\n<td class=\"has-text-align-center\" data-align=\"center\">A\u00f1o<\/td>\n<td class=\"has-text-align-center\" data-align=\"center\">Descarga<\/td>\n<\/tr>\n<tr>\n<td class=\"has-text-align-center\" data-align=\"center\">Estatutos Corporaci\u00f3n ISOC Chile<\/td>\n<td class=\"has-text-align-center\" data-align=\"center\">2020<\/td>\n<td class=\"has-text-align-center\" data-align=\"center\"><a href=\"https:\/\/drive.google.com\/file\/d\/1zn4Fff8JusuIPm8f1MGBh4XTMYsORjx8\/view\"><strong>Documento<\/strong><\/a><\/td>\n<\/tr>\n<tr>\n<td class=\"has-text-align-center\" data-align=\"center\">Presentaci\u00f3n Asamblea Ordinaria (04 Dic)<\/td>\n<td class=\"has-text-align-center\" data-align=\"center\">2025<\/td>\n<td class=\"has-text-align-center\" data-align=\"center\"><a href=\"https:\/\/docs.google.com\/presentation\/d\/1FXeFrZR0_rX5p-Ug67_hUYnkKp4pz28BEBxarL8W9ns\/edit?slide=id.p1#slide=id.p1\"><strong>Documento<\/strong><\/a><\/td>\n<\/tr>\n<\/tbody>\n<\/table>\n<\/figure>\n","protected":false},"excerpt":{"rendered":"<p>Documentos Documento A\u00f1o Descarga Estatutos Corporaci\u00f3n ISOC Chile 2020 Documento Presentaci\u00f3n Asamblea Ordinaria (04 Dic) 2025 Documento<\/p>\n","protected":false},"author":8,"featured_media":4150,"parent":0,"menu_order":0,"comment_status":"closed","ping_status":"closed","template":"pagina-interna-isoc-2025","meta":{"footnotes":""},"class_list":["post-4744","page","type-page","status-publish","has-post-thumbnail","hentry"],"yoast_head":"<!-- This site is optimized with the Yoast SEO plugin v26.8 - https:\/\/yoast.com\/product\/yoast-seo-wordpress\/ -->\n<title>Transparencia &#8212; Internet Society Capitulo Chile \u00a9 2024<\/title>\n<meta name=\"robots\" content=\"index, follow, max-snippet:-1, max-image-preview:large, max-video-preview:-1\" \/>\n<link rel=\"canonical\" href=\"https:\/\/www.isoc.cl\/?page_id=4744\" \/>\n<meta property=\"og:locale\" content=\"es_ES\" \/>\n<meta property=\"og:type\" content=\"article\" \/>\n<meta property=\"og:title\" content=\"Transparencia &#8212; Internet Society Capitulo Chile \u00a9 2024\" \/>\n<meta property=\"og:description\" content=\"Documentos Documento A\u00f1o Descarga Estatutos Corporaci\u00f3n ISOC Chile 2020 Documento Presentaci\u00f3n Asamblea Ordinaria (04 Dic) 2025 Documento\" \/>\n<meta property=\"og:url\" content=\"https:\/\/www.isoc.cl\/?page_id=4744\" \/>\n<meta property=\"og:site_name\" content=\"Internet Society Capitulo Chile \u00a9 2024\" \/>\n<meta property=\"article:publisher\" content=\"https:\/\/facebook.com\/InternetSocietyCapituloChile\" \/>\n<meta property=\"article:modified_time\" content=\"2026-01-06T15:41:32+00:00\" \/>\n<meta property=\"og:image\" content=\"https:\/\/www.isoc.cl\/wp-content\/uploads\/2023\/12\/Internet-2.png\" \/>\n\t<meta property=\"og:image:width\" content=\"1913\" \/>\n\t<meta property=\"og:image:height\" content=\"864\" \/>\n\t<meta property=\"og:image:type\" content=\"image\/png\" \/>\n<meta name=\"twitter:card\" content=\"summary_large_image\" \/>\n<meta name=\"twitter:site\" content=\"@isoc_chile\" \/>\n<meta name=\"twitter:label1\" content=\"Tiempo estimado de lectura\" \/>\n\t<meta name=\"twitter:data1\" content=\"1 minuto\" \/>\n<script type=\"application\/ld+json\" class=\"yoast-schema-graph\">{\"@context\":\"https:\/\/schema.org\",\"@graph\":[{\"@type\":\"WebPage\",\"@id\":\"https:\/\/www.isoc.cl\/?page_id=4744\",\"url\":\"https:\/\/www.isoc.cl\/?page_id=4744\",\"name\":\"Transparencia &#8212; Internet Society Capitulo Chile \u00a9 2024\",\"isPartOf\":{\"@id\":\"https:\/\/www.isoc.cl\/#website\"},\"primaryImageOfPage\":{\"@id\":\"https:\/\/www.isoc.cl\/?page_id=4744#primaryimage\"},\"image\":{\"@id\":\"https:\/\/www.isoc.cl\/?page_id=4744#primaryimage\"},\"thumbnailUrl\":\"https:\/\/www.isoc.cl\/wp-content\/uploads\/2022\/05\/fondo_antena_azul.jpg\",\"datePublished\":\"2025-12-06T21:59:44+00:00\",\"dateModified\":\"2026-01-06T15:41:32+00:00\",\"breadcrumb\":{\"@id\":\"https:\/\/www.isoc.cl\/?page_id=4744#breadcrumb\"},\"inLanguage\":\"es-CL\",\"potentialAction\":[{\"@type\":\"ReadAction\",\"target\":[\"https:\/\/www.isoc.cl\/?page_id=4744\"]}]},{\"@type\":\"ImageObject\",\"inLanguage\":\"es-CL\",\"@id\":\"https:\/\/www.isoc.cl\/?page_id=4744#primaryimage\",\"url\":\"https:\/\/www.isoc.cl\/wp-content\/uploads\/2022\/05\/fondo_antena_azul.jpg\",\"contentUrl\":\"https:\/\/www.isoc.cl\/wp-content\/uploads\/2022\/05\/fondo_antena_azul.jpg\",\"width\":1035,\"height\":723},{\"@type\":\"BreadcrumbList\",\"@id\":\"https:\/\/www.isoc.cl\/?page_id=4744#breadcrumb\",\"itemListElement\":[{\"@type\":\"ListItem\",\"position\":1,\"name\":\"Portada\",\"item\":\"https:\/\/www.isoc.cl\/\"},{\"@type\":\"ListItem\",\"position\":2,\"name\":\"Transparencia\"}]},{\"@type\":\"WebSite\",\"@id\":\"https:\/\/www.isoc.cl\/#website\",\"url\":\"https:\/\/www.isoc.cl\/\",\"name\":\"Internet Society Capitulo Chile\",\"description\":\"ISOC CHILE\",\"publisher\":{\"@id\":\"https:\/\/www.isoc.cl\/#organization\"},\"alternateName\":\"ISOC Chile\",\"potentialAction\":[{\"@type\":\"SearchAction\",\"target\":{\"@type\":\"EntryPoint\",\"urlTemplate\":\"https:\/\/www.isoc.cl\/?s={search_term_string}\"},\"query-input\":{\"@type\":\"PropertyValueSpecification\",\"valueRequired\":true,\"valueName\":\"search_term_string\"}}],\"inLanguage\":\"es-CL\"},{\"@type\":\"Organization\",\"@id\":\"https:\/\/www.isoc.cl\/#organization\",\"name\":\"Internet Society Capitulo Chile\",\"url\":\"https:\/\/www.isoc.cl\/\",\"logo\":{\"@type\":\"ImageObject\",\"inLanguage\":\"es-CL\",\"@id\":\"https:\/\/www.isoc.cl\/#\/schema\/logo\/image\/\",\"url\":\"https:\/\/www.isoc.cl\/wp-content\/uploads\/2022\/05\/cropped-faviconV2.png\",\"contentUrl\":\"https:\/\/www.isoc.cl\/wp-content\/uploads\/2022\/05\/cropped-faviconV2.png\",\"width\":512,\"height\":512,\"caption\":\"Internet Society Capitulo Chile\"},\"image\":{\"@id\":\"https:\/\/www.isoc.cl\/#\/schema\/logo\/image\/\"},\"sameAs\":[\"https:\/\/facebook.com\/InternetSocietyCapituloChile\",\"https:\/\/x.com\/isoc_chile\",\"https:\/\/www.linkedin.com\/in\/internet-society-chile\/\"]}]}<\/script>\n<!-- \/ Yoast SEO plugin. -->","yoast_head_json":{"title":"Transparencia &#8212; Internet Society Capitulo Chile \u00a9 2024","robots":{"index":"index","follow":"follow","max-snippet":"max-snippet:-1","max-image-preview":"max-image-preview:large","max-video-preview":"max-video-preview:-1"},"canonical":"https:\/\/www.isoc.cl\/?page_id=4744","og_locale":"es_ES","og_type":"article","og_title":"Transparencia &#8212; Internet Society Capitulo Chile \u00a9 2024","og_description":"Documentos Documento A\u00f1o Descarga Estatutos Corporaci\u00f3n ISOC Chile 2020 Documento Presentaci\u00f3n Asamblea Ordinaria (04 Dic) 2025 Documento","og_url":"https:\/\/www.isoc.cl\/?page_id=4744","og_site_name":"Internet Society Capitulo Chile \u00a9 2024","article_publisher":"https:\/\/facebook.com\/InternetSocietyCapituloChile","article_modified_time":"2026-01-06T15:41:32+00:00","og_image":[{"width":1913,"height":864,"url":"https:\/\/www.isoc.cl\/wp-content\/uploads\/2023\/12\/Internet-2.png","type":"image\/png"}],"twitter_card":"summary_large_image","twitter_site":"@isoc_chile","twitter_misc":{"Tiempo estimado de lectura":"1 minuto"},"schema":{"@context":"https:\/\/schema.org","@graph":[{"@type":"WebPage","@id":"https:\/\/www.isoc.cl\/?page_id=4744","url":"https:\/\/www.isoc.cl\/?page_id=4744","name":"Transparencia &#8212; Internet Society Capitulo Chile \u00a9 2024","isPartOf":{"@id":"https:\/\/www.isoc.cl\/#website"},"primaryImageOfPage":{"@id":"https:\/\/www.isoc.cl\/?page_id=4744#primaryimage"},"image":{"@id":"https:\/\/www.isoc.cl\/?page_id=4744#primaryimage"},"thumbnailUrl":"https:\/\/www.isoc.cl\/wp-content\/uploads\/2022\/05\/fondo_antena_azul.jpg","datePublished":"2025-12-06T21:59:44+00:00","dateModified":"2026-01-06T15:41:32+00:00","breadcrumb":{"@id":"https:\/\/www.isoc.cl\/?page_id=4744#breadcrumb"},"inLanguage":"es-CL","potentialAction":[{"@type":"ReadAction","target":["https:\/\/www.isoc.cl\/?page_id=4744"]}]},{"@type":"ImageObject","inLanguage":"es-CL","@id":"https:\/\/www.isoc.cl\/?page_id=4744#primaryimage","url":"https:\/\/www.isoc.cl\/wp-content\/uploads\/2022\/05\/fondo_antena_azul.jpg","contentUrl":"https:\/\/www.isoc.cl\/wp-content\/uploads\/2022\/05\/fondo_antena_azul.jpg","width":1035,"height":723},{"@type":"BreadcrumbList","@id":"https:\/\/www.isoc.cl\/?page_id=4744#breadcrumb","itemListElement":[{"@type":"ListItem","position":1,"name":"Portada","item":"https:\/\/www.isoc.cl\/"},{"@type":"ListItem","position":2,"name":"Transparencia"}]},{"@type":"WebSite","@id":"https:\/\/www.isoc.cl\/#website","url":"https:\/\/www.isoc.cl\/","name":"Internet Society Capitulo Chile","description":"ISOC CHILE","publisher":{"@id":"https:\/\/www.isoc.cl\/#organization"},"alternateName":"ISOC Chile","potentialAction":[{"@type":"SearchAction","target":{"@type":"EntryPoint","urlTemplate":"https:\/\/www.isoc.cl\/?s={search_term_string}"},"query-input":{"@type":"PropertyValueSpecification","valueRequired":true,"valueName":"search_term_string"}}],"inLanguage":"es-CL"},{"@type":"Organization","@id":"https:\/\/www.isoc.cl\/#organization","name":"Internet Society Capitulo Chile","url":"https:\/\/www.isoc.cl\/","logo":{"@type":"ImageObject","inLanguage":"es-CL","@id":"https:\/\/www.isoc.cl\/#\/schema\/logo\/image\/","url":"https:\/\/www.isoc.cl\/wp-content\/uploads\/2022\/05\/cropped-faviconV2.png","contentUrl":"https:\/\/www.isoc.cl\/wp-content\/uploads\/2022\/05\/cropped-faviconV2.png","width":512,"height":512,"caption":"Internet Society Capitulo Chile"},"image":{"@id":"https:\/\/www.isoc.cl\/#\/schema\/logo\/image\/"},"sameAs":["https:\/\/facebook.com\/InternetSocietyCapituloChile","https:\/\/x.com\/isoc_chile","https:\/\/www.linkedin.com\/in\/internet-society-chile\/"]}]}},"_links":{"self":[{"href":"https:\/\/www.isoc.cl\/index.php?rest_route=\/wp\/v2\/pages\/4744","targetHints":{"allow":["GET"]}}],"collection":[{"href":"https:\/\/www.isoc.cl\/index.php?rest_route=\/wp\/v2\/pages"}],"about":[{"href":"https:\/\/www.isoc.cl\/index.php?rest_route=\/wp\/v2\/types\/page"}],"author":[{"embeddable":true,"href":"https:\/\/www.isoc.cl\/index.php?rest_route=\/wp\/v2\/users\/8"}],"replies":[{"embeddable":true,"href":"https:\/\/www.isoc.cl\/index.php?rest_route=%2Fwp%2Fv2%2Fcomments&post=4744"}],"version-history":[{"count":6,"href":"https:\/\/www.isoc.cl\/index.php?rest_route=\/wp\/v2\/pages\/4744\/revisions"}],"predecessor-version":[{"id":5474,"href":"https:\/\/www.isoc.cl\/index.php?rest_route=\/wp\/v2\/pages\/4744\/revisions\/5474"}],"wp:featuredmedia":[{"embeddable":true,"href":"https:\/\/www.isoc.cl\/index.php?rest_route=\/wp\/v2\/media\/4150"}],"wp:attachment":[{"href":"https:\/\/www.isoc.cl\/index.php?rest_route=%2Fwp%2Fv2%2Fmedia&parent=4744"}],"curies":[{"name":"wp","href":"https:\/\/api.w.org\/{rel}","templated":true}]}}