{"id":4740,"date":"2025-12-06T21:58:33","date_gmt":"2025-12-06T21:58:33","guid":{"rendered":"https:\/\/www.isoc.cl\/?page_id=4740"},"modified":"2026-01-05T03:34:08","modified_gmt":"2026-01-05T03:34:08","slug":"conectividad","status":"publish","type":"page","link":"https:\/\/www.isoc.cl\/?page_id=4740","title":{"rendered":"Comit\u00e9 de Incidencia en Pol\u00edticas P\u00fablicas"},"content":{"rendered":"\n\n\n<div class=\"isoc-committee-layout\">\n    <div class=\"isoc-committee-icon-box\">\n<svg version=\"1.1\" viewBox=\"0 0 192 192\">\n                    <g transform=\"matrix(0.13333333,0,0,-0.13333333,0,192)\">\n                        <path d=\"M 760,840 V 280 c 0,-11.039 -8.953,-20 -20,-20 h -40 c -11.047,0 -20,8.961 -20,20 v 560 c 0,11.047 8.953,20 20,20 h 40 c 11.047,0 20,-8.953 20,-20\" style=\"fill:#3a82e4;fill-opacity:1;fill-rule:nonzero;stroke:none\" \/>\n                        <path d=\"m 327.695,460.145 c -2.597,-0.094 -5.121,0.109 -7.695,0.109 -2.574,0 -5.098,-0.203 -7.691,-0.109 h 15.386\" style=\"fill:#0c1c2c;fill-opacity:1;fill-rule:nonzero;stroke:none\" \/>\n                        <path d=\"m 1127.7,620.145 c -2.6,-0.094 -5.12,0.109 -7.7,0.109 -2.57,0 -5.1,-0.203 -7.7,-0.109 h 15.4\" style=\"fill:#0c1c2c;fill-opacity:1;fill-rule:nonzero;stroke:none\" \/>\n                        <path d=\"m 1233.13,780 h -226.6 c 16.52,-46.555 60.97,-80 113.11,-80 0.07,0 0.14,0.012 0.19,0.012 0.07,0 0.13,-0.012 0.2,-0.012 52.15,0 96.59,33.445 113.1,80 z m -214.41,80 h 202.23 l -100.92,252.3 -0.2,-0.49 -0.19,0.49 z m -698.693,92.297 -0.191,-0.484 -0.191,0.484 L 218.727,700 h 0.382 201.454 0.382 z M 432.75,620 H 206.539 c 16.512,-46.555 60.961,-80 113.106,-80 0.062,0 0.125,0.012 0.191,0.012 0.066,0 0.129,-0.012 0.191,-0.012 52.145,0 96.594,33.445 113.11,80 z M 1120,620.254 C 1009.74,620.273 919.973,709.727 919.973,820 c 0,13.203 2.625,26.27 7.742,38.441 L 1084.21,1231.25 760,1166.42 V 940 c 0,-11.047 -8.953,-20 -20,-20 h -40 c -11.047,0 -20,8.953 -20,20 v 210.41 l -329.758,-65.95 v 0 L 512.289,698.438 C 517.398,686.27 520.027,673.203 520.027,660 520.027,549.727 430.266,460.273 320,460.254 209.734,460.273 119.973,549.727 119.973,660 c 0,13.203 2.629,26.27 7.738,38.438 L 289.758,1084.46 319.973,1160 H 320 l 799.97,160 v 0 h 0.06 l 30.21,-75.54 162.05,-386.019 c 5.11,-12.171 7.74,-25.238 7.74,-38.441 0,-110.273 -89.77,-199.727 -200.03,-199.746 z M 900,120 H 540 c -11.047,0 -20,8.961 -20,20 v 40 c 0,11.039 8.953,20 20,20 h 360 c 11.047,0 20,-8.961 20,-20 v -40 c 0,-11.039 -8.953,-20 -20,-20\" style=\"fill:#0c1c2c;fill-opacity:1;fill-rule:nonzero;stroke:none\" \/>\n                    <\/g>\n                <\/svg>\n        <\/div>\n\n    <div class=\"isoc-committee-text\">\n        <p>Aborda los desaf\u00edos regulatorios que afectan a Internet en Chile. Elabora an\u00e1lisis normativos, participa en procesos legislativos y de consulta p\u00fablica, y promueve di\u00e1logos multiactor para incidir en pol\u00edticas p\u00fablicas desde una perspectiva de inter\u00e9s p\u00fablico y derechos digitales.<\/p>\n    <\/div>\n\n    <a href=\"mailto:comunicaciones@isoc.cl?subject=Inter\u00e9s%20Comit\u00e9%20Incidencia\" class=\"isoc-committee-cta\">\n        Participar en este Comit\u00e9\n    <\/a>\n<\/div>\n","protected":false},"excerpt":{"rendered":"<p>Aborda los desaf\u00edos regulatorios que afectan a Internet en Chile. Elabora an\u00e1lisis normativos, participa en procesos legislativos y de consulta p\u00fablica, y promueve di\u00e1logos multiactor para incidir en pol\u00edticas p\u00fablicas desde una perspectiva de inter\u00e9s p\u00fablico y derechos digitales. Participar en este Comit\u00e9<\/p>\n","protected":false},"author":8,"featured_media":4150,"parent":4736,"menu_order":0,"comment_status":"closed","ping_status":"closed","template":"pagina-interna-isoc-2025","meta":{"footnotes":""},"class_list":["post-4740","page","type-page","status-publish","has-post-thumbnail","hentry"],"yoast_head":"<!-- This site is optimized with the Yoast SEO plugin v26.8 - https:\/\/yoast.com\/product\/yoast-seo-wordpress\/ -->\n<title>Comit\u00e9 de Incidencia en Pol\u00edticas P\u00fablicas &#8212; Internet Society Capitulo Chile \u00a9 2024<\/title>\n<meta name=\"robots\" content=\"index, follow, max-snippet:-1, max-image-preview:large, max-video-preview:-1\" \/>\n<link rel=\"canonical\" href=\"https:\/\/www.isoc.cl\/?page_id=4740\" \/>\n<meta property=\"og:locale\" content=\"es_ES\" \/>\n<meta property=\"og:type\" content=\"article\" \/>\n<meta property=\"og:title\" content=\"Comit\u00e9 de Incidencia en Pol\u00edticas P\u00fablicas &#8212; Internet Society Capitulo Chile \u00a9 2024\" \/>\n<meta property=\"og:description\" content=\"Aborda los desaf\u00edos regulatorios que afectan a Internet en Chile. Elabora an\u00e1lisis normativos, participa en procesos legislativos y de consulta p\u00fablica, y promueve di\u00e1logos multiactor para incidir en pol\u00edticas p\u00fablicas desde una perspectiva de inter\u00e9s p\u00fablico y derechos digitales. Participar en este Comit\u00e9\" \/>\n<meta property=\"og:url\" content=\"https:\/\/www.isoc.cl\/?page_id=4740\" \/>\n<meta property=\"og:site_name\" content=\"Internet Society Capitulo Chile \u00a9 2024\" \/>\n<meta property=\"article:publisher\" content=\"https:\/\/facebook.com\/InternetSocietyCapituloChile\" \/>\n<meta property=\"article:modified_time\" content=\"2026-01-05T03:34:08+00:00\" \/>\n<meta property=\"og:image\" content=\"https:\/\/www.isoc.cl\/wp-content\/uploads\/2023\/12\/Internet-2.png\" \/>\n\t<meta property=\"og:image:width\" content=\"1913\" \/>\n\t<meta property=\"og:image:height\" content=\"864\" \/>\n\t<meta property=\"og:image:type\" content=\"image\/png\" \/>\n<meta name=\"twitter:card\" content=\"summary_large_image\" \/>\n<meta name=\"twitter:site\" content=\"@isoc_chile\" \/>\n<meta name=\"twitter:label1\" content=\"Tiempo estimado de lectura\" \/>\n\t<meta name=\"twitter:data1\" content=\"1 minuto\" \/>\n<script type=\"application\/ld+json\" class=\"yoast-schema-graph\">{\"@context\":\"https:\/\/schema.org\",\"@graph\":[{\"@type\":\"WebPage\",\"@id\":\"https:\/\/www.isoc.cl\/?page_id=4740\",\"url\":\"https:\/\/www.isoc.cl\/?page_id=4740\",\"name\":\"Comit\u00e9 de Incidencia en Pol\u00edticas P\u00fablicas &#8212; Internet Society Capitulo Chile \u00a9 2024\",\"isPartOf\":{\"@id\":\"https:\/\/www.isoc.cl\/#website\"},\"primaryImageOfPage\":{\"@id\":\"https:\/\/www.isoc.cl\/?page_id=4740#primaryimage\"},\"image\":{\"@id\":\"https:\/\/www.isoc.cl\/?page_id=4740#primaryimage\"},\"thumbnailUrl\":\"https:\/\/www.isoc.cl\/wp-content\/uploads\/2022\/05\/fondo_antena_azul.jpg\",\"datePublished\":\"2025-12-06T21:58:33+00:00\",\"dateModified\":\"2026-01-05T03:34:08+00:00\",\"breadcrumb\":{\"@id\":\"https:\/\/www.isoc.cl\/?page_id=4740#breadcrumb\"},\"inLanguage\":\"es-CL\",\"potentialAction\":[{\"@type\":\"ReadAction\",\"target\":[\"https:\/\/www.isoc.cl\/?page_id=4740\"]}]},{\"@type\":\"ImageObject\",\"inLanguage\":\"es-CL\",\"@id\":\"https:\/\/www.isoc.cl\/?page_id=4740#primaryimage\",\"url\":\"https:\/\/www.isoc.cl\/wp-content\/uploads\/2022\/05\/fondo_antena_azul.jpg\",\"contentUrl\":\"https:\/\/www.isoc.cl\/wp-content\/uploads\/2022\/05\/fondo_antena_azul.jpg\",\"width\":1035,\"height\":723},{\"@type\":\"BreadcrumbList\",\"@id\":\"https:\/\/www.isoc.cl\/?page_id=4740#breadcrumb\",\"itemListElement\":[{\"@type\":\"ListItem\",\"position\":1,\"name\":\"Portada\",\"item\":\"https:\/\/www.isoc.cl\/\"},{\"@type\":\"ListItem\",\"position\":2,\"name\":\"Comit\u00e9s\",\"item\":\"https:\/\/www.isoc.cl\/?page_id=4736\"},{\"@type\":\"ListItem\",\"position\":3,\"name\":\"Comit\u00e9 de Incidencia en Pol\u00edticas P\u00fablicas\"}]},{\"@type\":\"WebSite\",\"@id\":\"https:\/\/www.isoc.cl\/#website\",\"url\":\"https:\/\/www.isoc.cl\/\",\"name\":\"Internet Society Capitulo Chile\",\"description\":\"ISOC CHILE\",\"publisher\":{\"@id\":\"https:\/\/www.isoc.cl\/#organization\"},\"alternateName\":\"ISOC Chile\",\"potentialAction\":[{\"@type\":\"SearchAction\",\"target\":{\"@type\":\"EntryPoint\",\"urlTemplate\":\"https:\/\/www.isoc.cl\/?s={search_term_string}\"},\"query-input\":{\"@type\":\"PropertyValueSpecification\",\"valueRequired\":true,\"valueName\":\"search_term_string\"}}],\"inLanguage\":\"es-CL\"},{\"@type\":\"Organization\",\"@id\":\"https:\/\/www.isoc.cl\/#organization\",\"name\":\"Internet Society Capitulo Chile\",\"url\":\"https:\/\/www.isoc.cl\/\",\"logo\":{\"@type\":\"ImageObject\",\"inLanguage\":\"es-CL\",\"@id\":\"https:\/\/www.isoc.cl\/#\/schema\/logo\/image\/\",\"url\":\"https:\/\/www.isoc.cl\/wp-content\/uploads\/2022\/05\/cropped-faviconV2.png\",\"contentUrl\":\"https:\/\/www.isoc.cl\/wp-content\/uploads\/2022\/05\/cropped-faviconV2.png\",\"width\":512,\"height\":512,\"caption\":\"Internet Society Capitulo Chile\"},\"image\":{\"@id\":\"https:\/\/www.isoc.cl\/#\/schema\/logo\/image\/\"},\"sameAs\":[\"https:\/\/facebook.com\/InternetSocietyCapituloChile\",\"https:\/\/x.com\/isoc_chile\",\"https:\/\/www.linkedin.com\/in\/internet-society-chile\/\"]}]}<\/script>\n<!-- \/ Yoast SEO plugin. -->","yoast_head_json":{"title":"Comit\u00e9 de Incidencia en Pol\u00edticas P\u00fablicas &#8212; Internet Society Capitulo Chile \u00a9 2024","robots":{"index":"index","follow":"follow","max-snippet":"max-snippet:-1","max-image-preview":"max-image-preview:large","max-video-preview":"max-video-preview:-1"},"canonical":"https:\/\/www.isoc.cl\/?page_id=4740","og_locale":"es_ES","og_type":"article","og_title":"Comit\u00e9 de Incidencia en Pol\u00edticas P\u00fablicas &#8212; Internet Society Capitulo Chile \u00a9 2024","og_description":"Aborda los desaf\u00edos regulatorios que afectan a Internet en Chile. Elabora an\u00e1lisis normativos, participa en procesos legislativos y de consulta p\u00fablica, y promueve di\u00e1logos multiactor para incidir en pol\u00edticas p\u00fablicas desde una perspectiva de inter\u00e9s p\u00fablico y derechos digitales. Participar en este Comit\u00e9","og_url":"https:\/\/www.isoc.cl\/?page_id=4740","og_site_name":"Internet Society Capitulo Chile \u00a9 2024","article_publisher":"https:\/\/facebook.com\/InternetSocietyCapituloChile","article_modified_time":"2026-01-05T03:34:08+00:00","og_image":[{"width":1913,"height":864,"url":"https:\/\/www.isoc.cl\/wp-content\/uploads\/2023\/12\/Internet-2.png","type":"image\/png"}],"twitter_card":"summary_large_image","twitter_site":"@isoc_chile","twitter_misc":{"Tiempo estimado de lectura":"1 minuto"},"schema":{"@context":"https:\/\/schema.org","@graph":[{"@type":"WebPage","@id":"https:\/\/www.isoc.cl\/?page_id=4740","url":"https:\/\/www.isoc.cl\/?page_id=4740","name":"Comit\u00e9 de Incidencia en Pol\u00edticas P\u00fablicas &#8212; Internet Society Capitulo Chile \u00a9 2024","isPartOf":{"@id":"https:\/\/www.isoc.cl\/#website"},"primaryImageOfPage":{"@id":"https:\/\/www.isoc.cl\/?page_id=4740#primaryimage"},"image":{"@id":"https:\/\/www.isoc.cl\/?page_id=4740#primaryimage"},"thumbnailUrl":"https:\/\/www.isoc.cl\/wp-content\/uploads\/2022\/05\/fondo_antena_azul.jpg","datePublished":"2025-12-06T21:58:33+00:00","dateModified":"2026-01-05T03:34:08+00:00","breadcrumb":{"@id":"https:\/\/www.isoc.cl\/?page_id=4740#breadcrumb"},"inLanguage":"es-CL","potentialAction":[{"@type":"ReadAction","target":["https:\/\/www.isoc.cl\/?page_id=4740"]}]},{"@type":"ImageObject","inLanguage":"es-CL","@id":"https:\/\/www.isoc.cl\/?page_id=4740#primaryimage","url":"https:\/\/www.isoc.cl\/wp-content\/uploads\/2022\/05\/fondo_antena_azul.jpg","contentUrl":"https:\/\/www.isoc.cl\/wp-content\/uploads\/2022\/05\/fondo_antena_azul.jpg","width":1035,"height":723},{"@type":"BreadcrumbList","@id":"https:\/\/www.isoc.cl\/?page_id=4740#breadcrumb","itemListElement":[{"@type":"ListItem","position":1,"name":"Portada","item":"https:\/\/www.isoc.cl\/"},{"@type":"ListItem","position":2,"name":"Comit\u00e9s","item":"https:\/\/www.isoc.cl\/?page_id=4736"},{"@type":"ListItem","position":3,"name":"Comit\u00e9 de Incidencia en Pol\u00edticas P\u00fablicas"}]},{"@type":"WebSite","@id":"https:\/\/www.isoc.cl\/#website","url":"https:\/\/www.isoc.cl\/","name":"Internet Society Capitulo Chile","description":"ISOC CHILE","publisher":{"@id":"https:\/\/www.isoc.cl\/#organization"},"alternateName":"ISOC Chile","potentialAction":[{"@type":"SearchAction","target":{"@type":"EntryPoint","urlTemplate":"https:\/\/www.isoc.cl\/?s={search_term_string}"},"query-input":{"@type":"PropertyValueSpecification","valueRequired":true,"valueName":"search_term_string"}}],"inLanguage":"es-CL"},{"@type":"Organization","@id":"https:\/\/www.isoc.cl\/#organization","name":"Internet Society Capitulo Chile","url":"https:\/\/www.isoc.cl\/","logo":{"@type":"ImageObject","inLanguage":"es-CL","@id":"https:\/\/www.isoc.cl\/#\/schema\/logo\/image\/","url":"https:\/\/www.isoc.cl\/wp-content\/uploads\/2022\/05\/cropped-faviconV2.png","contentUrl":"https:\/\/www.isoc.cl\/wp-content\/uploads\/2022\/05\/cropped-faviconV2.png","width":512,"height":512,"caption":"Internet Society Capitulo Chile"},"image":{"@id":"https:\/\/www.isoc.cl\/#\/schema\/logo\/image\/"},"sameAs":["https:\/\/facebook.com\/InternetSocietyCapituloChile","https:\/\/x.com\/isoc_chile","https:\/\/www.linkedin.com\/in\/internet-society-chile\/"]}]}},"_links":{"self":[{"href":"https:\/\/www.isoc.cl\/index.php?rest_route=\/wp\/v2\/pages\/4740","targetHints":{"allow":["GET"]}}],"collection":[{"href":"https:\/\/www.isoc.cl\/index.php?rest_route=\/wp\/v2\/pages"}],"about":[{"href":"https:\/\/www.isoc.cl\/index.php?rest_route=\/wp\/v2\/types\/page"}],"author":[{"embeddable":true,"href":"https:\/\/www.isoc.cl\/index.php?rest_route=\/wp\/v2\/users\/8"}],"replies":[{"embeddable":true,"href":"https:\/\/www.isoc.cl\/index.php?rest_route=%2Fwp%2Fv2%2Fcomments&post=4740"}],"version-history":[{"count":8,"href":"https:\/\/www.isoc.cl\/index.php?rest_route=\/wp\/v2\/pages\/4740\/revisions"}],"predecessor-version":[{"id":5407,"href":"https:\/\/www.isoc.cl\/index.php?rest_route=\/wp\/v2\/pages\/4740\/revisions\/5407"}],"up":[{"embeddable":true,"href":"https:\/\/www.isoc.cl\/index.php?rest_route=\/wp\/v2\/pages\/4736"}],"wp:featuredmedia":[{"embeddable":true,"href":"https:\/\/www.isoc.cl\/index.php?rest_route=\/wp\/v2\/media\/4150"}],"wp:attachment":[{"href":"https:\/\/www.isoc.cl\/index.php?rest_route=%2Fwp%2Fv2%2Fmedia&parent=4740"}],"curies":[{"name":"wp","href":"https:\/\/api.w.org\/{rel}","templated":true}]}}