{"id":4738,"date":"2025-12-06T21:58:19","date_gmt":"2025-12-06T21:58:19","guid":{"rendered":"https:\/\/www.isoc.cl\/?page_id=4738"},"modified":"2026-01-05T03:30:42","modified_gmt":"2026-01-05T03:30:42","slug":"derechos-digitales","status":"publish","type":"page","link":"https:\/\/www.isoc.cl\/?page_id=4738","title":{"rendered":"Comit\u00e9 T\u00e9cnico"},"content":{"rendered":"\n\n\n<div class=\"isoc-committee-layout\">\n    <div class=\"isoc-committee-icon-box\">\n<svg version=\"1.1\" viewBox=\"0 0 192 192\">\n                    <g transform=\"matrix(1.3333333,0,0,-1.3333333,0,192)\">\n                        <g transform=\"scale(0.1)\">\n                            <path style=\"fill:#0c1c2c;fill-opacity:1;fill-rule:nonzero;stroke:none\" d=\"m 668.828,200 h 102.344 l 36.648,109.969 140.012,58 103.668,-51.848 72.38,72.379 -51.85,103.668 58,140.012 109.97,36.648 v 102.344 l -109.97,36.656 -58,140.004 51.85,103.678 -72.38,72.37 L 947.832,1072.04 807.82,1130.03 771.172,1240 H 668.828 l -36.656,-109.97 -140.004,-57.99 -103.676,51.84 -72.371,-72.37 51.84,-103.678 L 309.973,807.828 200,771.172 V 668.828 L 309.973,632.18 367.961,492.168 316.121,388.5 l 72.371,-72.379 103.676,51.848 140.004,-58 z M 785.586,120 H 654.414 c -25.859,0 -48.73,16.48 -56.918,41.012 l -29.668,89.019 -72.547,30.051 -83.91,-41.961 c -23.172,-11.562 -50.988,-7.051 -69.269,11.25 l -92.743,92.75 c -18.281,18.258 -22.804,46.09 -11.25,69.238 l 41.969,83.934 -30.051,72.527 -88.996,29.668 C 136.484,605.676 120,628.555 120,654.414 v 131.172 c 0,25.863 16.484,48.734 41.02,56.918 l 89.007,29.668 30.051,72.547 -41.957,83.911 c -11.562,23.14 -7.047,50.97 11.238,69.26 l 92.75,92.75 c 18.289,18.29 46.106,22.81 69.254,11.25 l 83.918,-41.97 72.547,30.05 29.66,89 c 8.192,24.55 31.063,41.03 56.926,41.03 h 131.172 c 25.859,0 48.738,-16.48 56.926,-41.02 l 29.668,-89.01 72.527,-30.05 83.913,41.96 c 23.19,11.58 51,7.04 69.27,-11.25 l 92.74,-92.74 c 18.3,-18.28 22.82,-46.11 11.25,-69.25 l -41.96,-83.921 30.05,-72.547 89,-29.66 c 24.55,-8.196 41.03,-31.067 41.03,-56.926 V 654.414 c 0,-25.859 -16.48,-48.73 -41.01,-56.914 l -89.02,-29.68 -30.05,-72.527 41.96,-83.914 c 11.57,-23.18 7.04,-51.008 -11.26,-69.289 l -92.74,-92.719 c -18.25,-18.289 -46.09,-22.832 -69.24,-11.262 l -83.933,41.973 -72.527,-30.051 -29.668,-89 C 834.316,136.48 811.445,120 785.586,120\" \/>\n                            <path style=\"fill:#3a82e4;fill-opacity:1;fill-rule:nonzero;stroke:none\" d=\"m 720,500.957 v 40.164 c 0,10.371 7.961,18.742 18.262,19.914 C 817.922,570.129 880,637.949 880,720 880,802.047 817.922,869.871 738.262,878.965 727.961,880.141 720,888.508 720,898.879 v 40.164 c 0,11.645 9.938,21.035 21.531,20 C 863.816,948.113 960,845.082 960,720 960,594.922 863.816,491.887 741.531,480.957 729.938,479.922 720,489.309 720,500.957\" \/>\n                        <\/g>\n                    <\/g>\n                <\/svg>\n        <\/div>\n\n    <div class=\"isoc-committee-text\">\n        <p>Impulsa el trabajo t\u00e9cnico del cap\u00edtulo. Apoya iniciativas vinculadas a infraestructura de Internet, est\u00e1ndares abiertos, conectividad, seguridad y resiliencia de la red, as\u00ed como la elaboraci\u00f3n de contenidos t\u00e9cnicos y actividades formativas para la comunidad.<\/p>\n    <\/div>\n\n    <a href=\"mailto:comunicaciones@isoc.cl?subject=Inter\u00e9s%20Comit\u00e9%20T\u00e9cnico\" class=\"isoc-committee-cta\">\n        Participar en este Comit\u00e9\n    <\/a>\n<\/div>\n","protected":false},"excerpt":{"rendered":"<p>Impulsa el trabajo t\u00e9cnico del cap\u00edtulo. Apoya iniciativas vinculadas a infraestructura de Internet, est\u00e1ndares abiertos, conectividad, seguridad y resiliencia de la red, as\u00ed como la elaboraci\u00f3n de contenidos t\u00e9cnicos y actividades formativas para la comunidad. Participar en este Comit\u00e9<\/p>\n","protected":false},"author":8,"featured_media":4150,"parent":4736,"menu_order":0,"comment_status":"closed","ping_status":"closed","template":"pagina-interna-isoc-2025","meta":{"footnotes":""},"class_list":["post-4738","page","type-page","status-publish","has-post-thumbnail","hentry"],"yoast_head":"<!-- This site is optimized with the Yoast SEO plugin v26.8 - https:\/\/yoast.com\/product\/yoast-seo-wordpress\/ -->\n<title>Comit\u00e9 T\u00e9cnico &#8212; Internet Society Capitulo Chile \u00a9 2024<\/title>\n<meta name=\"robots\" content=\"index, follow, max-snippet:-1, max-image-preview:large, max-video-preview:-1\" \/>\n<link rel=\"canonical\" href=\"https:\/\/www.isoc.cl\/?page_id=4738\" \/>\n<meta property=\"og:locale\" content=\"es_ES\" \/>\n<meta property=\"og:type\" content=\"article\" \/>\n<meta property=\"og:title\" content=\"Comit\u00e9 T\u00e9cnico &#8212; Internet Society Capitulo Chile \u00a9 2024\" \/>\n<meta property=\"og:description\" content=\"Impulsa el trabajo t\u00e9cnico del cap\u00edtulo. Apoya iniciativas vinculadas a infraestructura de Internet, est\u00e1ndares abiertos, conectividad, seguridad y resiliencia de la red, as\u00ed como la elaboraci\u00f3n de contenidos t\u00e9cnicos y actividades formativas para la comunidad. Participar en este Comit\u00e9\" \/>\n<meta property=\"og:url\" content=\"https:\/\/www.isoc.cl\/?page_id=4738\" \/>\n<meta property=\"og:site_name\" content=\"Internet Society Capitulo Chile \u00a9 2024\" \/>\n<meta property=\"article:publisher\" content=\"https:\/\/facebook.com\/InternetSocietyCapituloChile\" \/>\n<meta property=\"article:modified_time\" content=\"2026-01-05T03:30:42+00:00\" \/>\n<meta property=\"og:image\" content=\"https:\/\/www.isoc.cl\/wp-content\/uploads\/2022\/05\/fondo_antena_azul.jpg\" \/>\n\t<meta property=\"og:image:width\" content=\"1035\" \/>\n\t<meta property=\"og:image:height\" content=\"723\" \/>\n\t<meta property=\"og:image:type\" content=\"image\/jpeg\" \/>\n<meta name=\"twitter:card\" content=\"summary_large_image\" \/>\n<meta name=\"twitter:site\" content=\"@isoc_chile\" \/>\n<meta name=\"twitter:label1\" content=\"Tiempo estimado de lectura\" \/>\n\t<meta name=\"twitter:data1\" content=\"1 minuto\" \/>\n<script type=\"application\/ld+json\" class=\"yoast-schema-graph\">{\"@context\":\"https:\/\/schema.org\",\"@graph\":[{\"@type\":\"WebPage\",\"@id\":\"https:\/\/www.isoc.cl\/?page_id=4738\",\"url\":\"https:\/\/www.isoc.cl\/?page_id=4738\",\"name\":\"Comit\u00e9 T\u00e9cnico &#8212; Internet Society Capitulo Chile \u00a9 2024\",\"isPartOf\":{\"@id\":\"https:\/\/www.isoc.cl\/#website\"},\"primaryImageOfPage\":{\"@id\":\"https:\/\/www.isoc.cl\/?page_id=4738#primaryimage\"},\"image\":{\"@id\":\"https:\/\/www.isoc.cl\/?page_id=4738#primaryimage\"},\"thumbnailUrl\":\"https:\/\/www.isoc.cl\/wp-content\/uploads\/2022\/05\/fondo_antena_azul.jpg\",\"datePublished\":\"2025-12-06T21:58:19+00:00\",\"dateModified\":\"2026-01-05T03:30:42+00:00\",\"breadcrumb\":{\"@id\":\"https:\/\/www.isoc.cl\/?page_id=4738#breadcrumb\"},\"inLanguage\":\"es-CL\",\"potentialAction\":[{\"@type\":\"ReadAction\",\"target\":[\"https:\/\/www.isoc.cl\/?page_id=4738\"]}]},{\"@type\":\"ImageObject\",\"inLanguage\":\"es-CL\",\"@id\":\"https:\/\/www.isoc.cl\/?page_id=4738#primaryimage\",\"url\":\"https:\/\/www.isoc.cl\/wp-content\/uploads\/2022\/05\/fondo_antena_azul.jpg\",\"contentUrl\":\"https:\/\/www.isoc.cl\/wp-content\/uploads\/2022\/05\/fondo_antena_azul.jpg\",\"width\":1035,\"height\":723},{\"@type\":\"BreadcrumbList\",\"@id\":\"https:\/\/www.isoc.cl\/?page_id=4738#breadcrumb\",\"itemListElement\":[{\"@type\":\"ListItem\",\"position\":1,\"name\":\"Portada\",\"item\":\"https:\/\/www.isoc.cl\/\"},{\"@type\":\"ListItem\",\"position\":2,\"name\":\"Comit\u00e9s\",\"item\":\"https:\/\/www.isoc.cl\/?page_id=4736\"},{\"@type\":\"ListItem\",\"position\":3,\"name\":\"Comit\u00e9 T\u00e9cnico\"}]},{\"@type\":\"WebSite\",\"@id\":\"https:\/\/www.isoc.cl\/#website\",\"url\":\"https:\/\/www.isoc.cl\/\",\"name\":\"Internet Society Capitulo Chile\",\"description\":\"ISOC CHILE\",\"publisher\":{\"@id\":\"https:\/\/www.isoc.cl\/#organization\"},\"alternateName\":\"ISOC Chile\",\"potentialAction\":[{\"@type\":\"SearchAction\",\"target\":{\"@type\":\"EntryPoint\",\"urlTemplate\":\"https:\/\/www.isoc.cl\/?s={search_term_string}\"},\"query-input\":{\"@type\":\"PropertyValueSpecification\",\"valueRequired\":true,\"valueName\":\"search_term_string\"}}],\"inLanguage\":\"es-CL\"},{\"@type\":\"Organization\",\"@id\":\"https:\/\/www.isoc.cl\/#organization\",\"name\":\"Internet Society Capitulo Chile\",\"url\":\"https:\/\/www.isoc.cl\/\",\"logo\":{\"@type\":\"ImageObject\",\"inLanguage\":\"es-CL\",\"@id\":\"https:\/\/www.isoc.cl\/#\/schema\/logo\/image\/\",\"url\":\"https:\/\/www.isoc.cl\/wp-content\/uploads\/2022\/05\/cropped-faviconV2.png\",\"contentUrl\":\"https:\/\/www.isoc.cl\/wp-content\/uploads\/2022\/05\/cropped-faviconV2.png\",\"width\":512,\"height\":512,\"caption\":\"Internet Society Capitulo Chile\"},\"image\":{\"@id\":\"https:\/\/www.isoc.cl\/#\/schema\/logo\/image\/\"},\"sameAs\":[\"https:\/\/facebook.com\/InternetSocietyCapituloChile\",\"https:\/\/x.com\/isoc_chile\",\"https:\/\/www.linkedin.com\/in\/internet-society-chile\/\"]}]}<\/script>\n<!-- \/ Yoast SEO plugin. -->","yoast_head_json":{"title":"Comit\u00e9 T\u00e9cnico &#8212; Internet Society Capitulo Chile \u00a9 2024","robots":{"index":"index","follow":"follow","max-snippet":"max-snippet:-1","max-image-preview":"max-image-preview:large","max-video-preview":"max-video-preview:-1"},"canonical":"https:\/\/www.isoc.cl\/?page_id=4738","og_locale":"es_ES","og_type":"article","og_title":"Comit\u00e9 T\u00e9cnico &#8212; Internet Society Capitulo Chile \u00a9 2024","og_description":"Impulsa el trabajo t\u00e9cnico del cap\u00edtulo. Apoya iniciativas vinculadas a infraestructura de Internet, est\u00e1ndares abiertos, conectividad, seguridad y resiliencia de la red, as\u00ed como la elaboraci\u00f3n de contenidos t\u00e9cnicos y actividades formativas para la comunidad. Participar en este Comit\u00e9","og_url":"https:\/\/www.isoc.cl\/?page_id=4738","og_site_name":"Internet Society Capitulo Chile \u00a9 2024","article_publisher":"https:\/\/facebook.com\/InternetSocietyCapituloChile","article_modified_time":"2026-01-05T03:30:42+00:00","og_image":[{"width":1035,"height":723,"url":"https:\/\/www.isoc.cl\/wp-content\/uploads\/2022\/05\/fondo_antena_azul.jpg","type":"image\/jpeg"}],"twitter_card":"summary_large_image","twitter_site":"@isoc_chile","twitter_misc":{"Tiempo estimado de lectura":"1 minuto"},"schema":{"@context":"https:\/\/schema.org","@graph":[{"@type":"WebPage","@id":"https:\/\/www.isoc.cl\/?page_id=4738","url":"https:\/\/www.isoc.cl\/?page_id=4738","name":"Comit\u00e9 T\u00e9cnico &#8212; Internet Society Capitulo Chile \u00a9 2024","isPartOf":{"@id":"https:\/\/www.isoc.cl\/#website"},"primaryImageOfPage":{"@id":"https:\/\/www.isoc.cl\/?page_id=4738#primaryimage"},"image":{"@id":"https:\/\/www.isoc.cl\/?page_id=4738#primaryimage"},"thumbnailUrl":"https:\/\/www.isoc.cl\/wp-content\/uploads\/2022\/05\/fondo_antena_azul.jpg","datePublished":"2025-12-06T21:58:19+00:00","dateModified":"2026-01-05T03:30:42+00:00","breadcrumb":{"@id":"https:\/\/www.isoc.cl\/?page_id=4738#breadcrumb"},"inLanguage":"es-CL","potentialAction":[{"@type":"ReadAction","target":["https:\/\/www.isoc.cl\/?page_id=4738"]}]},{"@type":"ImageObject","inLanguage":"es-CL","@id":"https:\/\/www.isoc.cl\/?page_id=4738#primaryimage","url":"https:\/\/www.isoc.cl\/wp-content\/uploads\/2022\/05\/fondo_antena_azul.jpg","contentUrl":"https:\/\/www.isoc.cl\/wp-content\/uploads\/2022\/05\/fondo_antena_azul.jpg","width":1035,"height":723},{"@type":"BreadcrumbList","@id":"https:\/\/www.isoc.cl\/?page_id=4738#breadcrumb","itemListElement":[{"@type":"ListItem","position":1,"name":"Portada","item":"https:\/\/www.isoc.cl\/"},{"@type":"ListItem","position":2,"name":"Comit\u00e9s","item":"https:\/\/www.isoc.cl\/?page_id=4736"},{"@type":"ListItem","position":3,"name":"Comit\u00e9 T\u00e9cnico"}]},{"@type":"WebSite","@id":"https:\/\/www.isoc.cl\/#website","url":"https:\/\/www.isoc.cl\/","name":"Internet Society Capitulo Chile","description":"ISOC CHILE","publisher":{"@id":"https:\/\/www.isoc.cl\/#organization"},"alternateName":"ISOC Chile","potentialAction":[{"@type":"SearchAction","target":{"@type":"EntryPoint","urlTemplate":"https:\/\/www.isoc.cl\/?s={search_term_string}"},"query-input":{"@type":"PropertyValueSpecification","valueRequired":true,"valueName":"search_term_string"}}],"inLanguage":"es-CL"},{"@type":"Organization","@id":"https:\/\/www.isoc.cl\/#organization","name":"Internet Society Capitulo Chile","url":"https:\/\/www.isoc.cl\/","logo":{"@type":"ImageObject","inLanguage":"es-CL","@id":"https:\/\/www.isoc.cl\/#\/schema\/logo\/image\/","url":"https:\/\/www.isoc.cl\/wp-content\/uploads\/2022\/05\/cropped-faviconV2.png","contentUrl":"https:\/\/www.isoc.cl\/wp-content\/uploads\/2022\/05\/cropped-faviconV2.png","width":512,"height":512,"caption":"Internet Society Capitulo Chile"},"image":{"@id":"https:\/\/www.isoc.cl\/#\/schema\/logo\/image\/"},"sameAs":["https:\/\/facebook.com\/InternetSocietyCapituloChile","https:\/\/x.com\/isoc_chile","https:\/\/www.linkedin.com\/in\/internet-society-chile\/"]}]}},"_links":{"self":[{"href":"https:\/\/www.isoc.cl\/index.php?rest_route=\/wp\/v2\/pages\/4738","targetHints":{"allow":["GET"]}}],"collection":[{"href":"https:\/\/www.isoc.cl\/index.php?rest_route=\/wp\/v2\/pages"}],"about":[{"href":"https:\/\/www.isoc.cl\/index.php?rest_route=\/wp\/v2\/types\/page"}],"author":[{"embeddable":true,"href":"https:\/\/www.isoc.cl\/index.php?rest_route=\/wp\/v2\/users\/8"}],"replies":[{"embeddable":true,"href":"https:\/\/www.isoc.cl\/index.php?rest_route=%2Fwp%2Fv2%2Fcomments&post=4738"}],"version-history":[{"count":10,"href":"https:\/\/www.isoc.cl\/index.php?rest_route=\/wp\/v2\/pages\/4738\/revisions"}],"predecessor-version":[{"id":5403,"href":"https:\/\/www.isoc.cl\/index.php?rest_route=\/wp\/v2\/pages\/4738\/revisions\/5403"}],"up":[{"embeddable":true,"href":"https:\/\/www.isoc.cl\/index.php?rest_route=\/wp\/v2\/pages\/4736"}],"wp:featuredmedia":[{"embeddable":true,"href":"https:\/\/www.isoc.cl\/index.php?rest_route=\/wp\/v2\/media\/4150"}],"wp:attachment":[{"href":"https:\/\/www.isoc.cl\/index.php?rest_route=%2Fwp%2Fv2%2Fmedia&parent=4738"}],"curies":[{"name":"wp","href":"https:\/\/api.w.org\/{rel}","templated":true}]}}