{"id":4728,"date":"2025-12-05T02:13:53","date_gmt":"2025-12-05T02:13:53","guid":{"rendered":"https:\/\/www.isoc.cl\/?page_id=4728"},"modified":"2025-12-30T22:23:55","modified_gmt":"2025-12-30T22:23:55","slug":"directorio","status":"publish","type":"page","link":"https:\/\/www.isoc.cl\/?page_id=4728","title":{"rendered":"Directorio"},"content":{"rendered":"\n<div class=\"directorio-grid-container alignwide\">\n    \n    <div class=\"tarjeta-directorio-nuevo\">\n        <img decoding=\"async\" src=\"https:\/\/www.isoc.cl\/wp-content\/uploads\/2023\/04\/Jaime-Cruz.png\" alt=\"Jaime Cruz\" loading=\"lazy\">\n        <div class=\"tarjeta-contenido\">\n            <h4>JAIME CRUZ M.<\/h4>\n            <h5>Director<\/h5>\n            <p>Profesional con experiencia en la formaci\u00f3n y liderazgo de equipos de trabajo para el desarrollo de proyectos tecnol\u00f3gicos de software e infraestructura en el mercado de las telecomunicaciones e ISP&#8217;s.<\/p>\n        <\/div>\n    <\/div>\n\n    <div class=\"tarjeta-directorio-nuevo\">\n        <img decoding=\"async\" src=\"https:\/\/www.isoc.cl\/wp-content\/uploads\/2025\/09\/catalina-frigerio-1024x1024.webp\" alt=\"Catalina Frigerio\" loading=\"lazy\">\n        <div class=\"tarjeta-contenido\">\n            <h4>CATALINA FRIGERIO D.<\/h4>\n            <h5>Directora<\/h5>\n            <p>Directora de Incidencia y Pol\u00edticas P\u00fablicas en Wikimedia Chile. Abogada (Universidad de Chile) especializada en tecnolog\u00eda, privacidad y propiedad intelectual.<\/p>\n        <\/div>\n    <\/div>\n\n    <div class=\"tarjeta-directorio-nuevo\">\n        <img decoding=\"async\" src=\"https:\/\/www.isoc.cl\/wp-content\/uploads\/2023\/08\/nicolas-boettcher_600x600-modified-e1690927217745.jpg\" alt=\"Nicol\u00e1s Boettcher\" loading=\"lazy\">\n        <div class=\"tarjeta-contenido\">\n            <h4>NICOL\u00c1S BOETTCHER P.<\/h4>\n            <h5>Director<\/h5>\n            <p>Coordinador Ciberseguridad. Acad\u00e9mico e Investigador de la Escuela de Inform\u00e1tica y Telecomunicaciones de la Universidad Diego Portales.<\/p>\n        <\/div>\n    <\/div>\n\n    <div class=\"tarjeta-directorio-nuevo\">\n        <img decoding=\"async\" src=\"https:\/\/www.isoc.cl\/wp-content\/uploads\/2024\/04\/Diego-Lisoni-bn.jpg\" alt=\"Diego Lisoni\" loading=\"lazy\">\n        <div class=\"tarjeta-contenido\">\n            <h4>DIEGO LISONI C.<\/h4>\n            <h5>Director<\/h5>\n            <p>Community Fellow cohorte 2025 de Internet Society. Investigador y asesor en pol\u00edticas p\u00fablicas en Magliona Abogados.<\/p>\n        <\/div>\n    <\/div>\n\n    <div class=\"tarjeta-directorio-nuevo\">\n        <img decoding=\"async\" src=\"https:\/\/www.isoc.cl\/wp-content\/uploads\/2024\/04\/Belen-Roca-bn.jpg\" alt=\"Bel\u00e9n Roca\" loading=\"lazy\">\n        <div class=\"tarjeta-contenido\">\n            <h4>BEL\u00c9N ROCA U.<\/h4>\n            <h5>Directora<\/h5>\n            <p>Coordinadora Grupo de Trabajo J\u00f3venes y Comunicadora.<\/p>\n        <\/div>\n    <\/div>\n\n<\/div>\n","protected":false},"excerpt":{"rendered":"<p>JAIME CRUZ M. Director Profesional con experiencia en la formaci\u00f3n y liderazgo de equipos de trabajo para el desarrollo de proyectos tecnol\u00f3gicos de software e infraestructura en el mercado de las telecomunicaciones e ISP&#8217;s. CATALINA FRIGERIO D. Directora Directora de Incidencia y Pol\u00edticas P\u00fablicas en Wikimedia Chile. Abogada (Universidad de Chile) especializada en tecnolog\u00eda, privacidad [&hellip;]<\/p>\n","protected":false},"author":8,"featured_media":4150,"parent":4715,"menu_order":0,"comment_status":"closed","ping_status":"closed","template":"pagina-interna-isoc-2025","meta":{"footnotes":""},"class_list":["post-4728","page","type-page","status-publish","has-post-thumbnail","hentry"],"yoast_head":"<!-- This site is optimized with the Yoast SEO plugin v26.8 - https:\/\/yoast.com\/product\/yoast-seo-wordpress\/ -->\n<title>Directorio &#8212; Internet Society Capitulo Chile \u00a9 2024<\/title>\n<meta name=\"robots\" content=\"index, follow, max-snippet:-1, max-image-preview:large, max-video-preview:-1\" \/>\n<link rel=\"canonical\" href=\"https:\/\/www.isoc.cl\/?page_id=4728\" \/>\n<meta property=\"og:locale\" content=\"es_ES\" \/>\n<meta property=\"og:type\" content=\"article\" \/>\n<meta property=\"og:title\" content=\"Directorio &#8212; Internet Society Capitulo Chile \u00a9 2024\" \/>\n<meta property=\"og:description\" content=\"JAIME CRUZ M. Director Profesional con experiencia en la formaci\u00f3n y liderazgo de equipos de trabajo para el desarrollo de proyectos tecnol\u00f3gicos de software e infraestructura en el mercado de las telecomunicaciones e ISP&#8217;s. CATALINA FRIGERIO D. Directora Directora de Incidencia y Pol\u00edticas P\u00fablicas en Wikimedia Chile. Abogada (Universidad de Chile) especializada en tecnolog\u00eda, privacidad [&hellip;]\" \/>\n<meta property=\"og:url\" content=\"https:\/\/www.isoc.cl\/?page_id=4728\" \/>\n<meta property=\"og:site_name\" content=\"Internet Society Capitulo Chile \u00a9 2024\" \/>\n<meta property=\"article:publisher\" content=\"https:\/\/facebook.com\/InternetSocietyCapituloChile\" \/>\n<meta property=\"article:modified_time\" content=\"2025-12-30T22:23:55+00:00\" \/>\n<meta property=\"og:image\" content=\"https:\/\/www.isoc.cl\/wp-content\/uploads\/2022\/05\/fondo_antena_azul.jpg\" \/>\n\t<meta property=\"og:image:width\" content=\"1035\" \/>\n\t<meta property=\"og:image:height\" content=\"723\" \/>\n\t<meta property=\"og:image:type\" content=\"image\/jpeg\" \/>\n<meta name=\"twitter:card\" content=\"summary_large_image\" \/>\n<meta name=\"twitter:site\" content=\"@isoc_chile\" \/>\n<meta name=\"twitter:label1\" content=\"Tiempo estimado de lectura\" \/>\n\t<meta name=\"twitter:data1\" content=\"2 minutos\" \/>\n<script type=\"application\/ld+json\" class=\"yoast-schema-graph\">{\"@context\":\"https:\/\/schema.org\",\"@graph\":[{\"@type\":\"WebPage\",\"@id\":\"https:\/\/www.isoc.cl\/?page_id=4728\",\"url\":\"https:\/\/www.isoc.cl\/?page_id=4728\",\"name\":\"Directorio &#8212; Internet Society Capitulo Chile \u00a9 2024\",\"isPartOf\":{\"@id\":\"https:\/\/www.isoc.cl\/#website\"},\"primaryImageOfPage\":{\"@id\":\"https:\/\/www.isoc.cl\/?page_id=4728#primaryimage\"},\"image\":{\"@id\":\"https:\/\/www.isoc.cl\/?page_id=4728#primaryimage\"},\"thumbnailUrl\":\"https:\/\/www.isoc.cl\/wp-content\/uploads\/2022\/05\/fondo_antena_azul.jpg\",\"datePublished\":\"2025-12-05T02:13:53+00:00\",\"dateModified\":\"2025-12-30T22:23:55+00:00\",\"breadcrumb\":{\"@id\":\"https:\/\/www.isoc.cl\/?page_id=4728#breadcrumb\"},\"inLanguage\":\"es-CL\",\"potentialAction\":[{\"@type\":\"ReadAction\",\"target\":[\"https:\/\/www.isoc.cl\/?page_id=4728\"]}]},{\"@type\":\"ImageObject\",\"inLanguage\":\"es-CL\",\"@id\":\"https:\/\/www.isoc.cl\/?page_id=4728#primaryimage\",\"url\":\"https:\/\/www.isoc.cl\/wp-content\/uploads\/2022\/05\/fondo_antena_azul.jpg\",\"contentUrl\":\"https:\/\/www.isoc.cl\/wp-content\/uploads\/2022\/05\/fondo_antena_azul.jpg\",\"width\":1035,\"height\":723},{\"@type\":\"BreadcrumbList\",\"@id\":\"https:\/\/www.isoc.cl\/?page_id=4728#breadcrumb\",\"itemListElement\":[{\"@type\":\"ListItem\",\"position\":1,\"name\":\"Portada\",\"item\":\"https:\/\/www.isoc.cl\/\"},{\"@type\":\"ListItem\",\"position\":2,\"name\":\"Institucional\",\"item\":\"https:\/\/www.isoc.cl\/?page_id=4715\"},{\"@type\":\"ListItem\",\"position\":3,\"name\":\"Directorio\"}]},{\"@type\":\"WebSite\",\"@id\":\"https:\/\/www.isoc.cl\/#website\",\"url\":\"https:\/\/www.isoc.cl\/\",\"name\":\"Internet Society Capitulo Chile\",\"description\":\"ISOC CHILE\",\"publisher\":{\"@id\":\"https:\/\/www.isoc.cl\/#organization\"},\"alternateName\":\"ISOC Chile\",\"potentialAction\":[{\"@type\":\"SearchAction\",\"target\":{\"@type\":\"EntryPoint\",\"urlTemplate\":\"https:\/\/www.isoc.cl\/?s={search_term_string}\"},\"query-input\":{\"@type\":\"PropertyValueSpecification\",\"valueRequired\":true,\"valueName\":\"search_term_string\"}}],\"inLanguage\":\"es-CL\"},{\"@type\":\"Organization\",\"@id\":\"https:\/\/www.isoc.cl\/#organization\",\"name\":\"Internet Society Capitulo Chile\",\"url\":\"https:\/\/www.isoc.cl\/\",\"logo\":{\"@type\":\"ImageObject\",\"inLanguage\":\"es-CL\",\"@id\":\"https:\/\/www.isoc.cl\/#\/schema\/logo\/image\/\",\"url\":\"https:\/\/www.isoc.cl\/wp-content\/uploads\/2022\/05\/cropped-faviconV2.png\",\"contentUrl\":\"https:\/\/www.isoc.cl\/wp-content\/uploads\/2022\/05\/cropped-faviconV2.png\",\"width\":512,\"height\":512,\"caption\":\"Internet Society Capitulo Chile\"},\"image\":{\"@id\":\"https:\/\/www.isoc.cl\/#\/schema\/logo\/image\/\"},\"sameAs\":[\"https:\/\/facebook.com\/InternetSocietyCapituloChile\",\"https:\/\/x.com\/isoc_chile\",\"https:\/\/www.linkedin.com\/in\/internet-society-chile\/\"]}]}<\/script>\n<!-- \/ Yoast SEO plugin. -->","yoast_head_json":{"title":"Directorio &#8212; Internet Society Capitulo Chile \u00a9 2024","robots":{"index":"index","follow":"follow","max-snippet":"max-snippet:-1","max-image-preview":"max-image-preview:large","max-video-preview":"max-video-preview:-1"},"canonical":"https:\/\/www.isoc.cl\/?page_id=4728","og_locale":"es_ES","og_type":"article","og_title":"Directorio &#8212; Internet Society Capitulo Chile \u00a9 2024","og_description":"JAIME CRUZ M. Director Profesional con experiencia en la formaci\u00f3n y liderazgo de equipos de trabajo para el desarrollo de proyectos tecnol\u00f3gicos de software e infraestructura en el mercado de las telecomunicaciones e ISP&#8217;s. CATALINA FRIGERIO D. Directora Directora de Incidencia y Pol\u00edticas P\u00fablicas en Wikimedia Chile. Abogada (Universidad de Chile) especializada en tecnolog\u00eda, privacidad [&hellip;]","og_url":"https:\/\/www.isoc.cl\/?page_id=4728","og_site_name":"Internet Society Capitulo Chile \u00a9 2024","article_publisher":"https:\/\/facebook.com\/InternetSocietyCapituloChile","article_modified_time":"2025-12-30T22:23:55+00:00","og_image":[{"width":1035,"height":723,"url":"https:\/\/www.isoc.cl\/wp-content\/uploads\/2022\/05\/fondo_antena_azul.jpg","type":"image\/jpeg"}],"twitter_card":"summary_large_image","twitter_site":"@isoc_chile","twitter_misc":{"Tiempo estimado de lectura":"2 minutos"},"schema":{"@context":"https:\/\/schema.org","@graph":[{"@type":"WebPage","@id":"https:\/\/www.isoc.cl\/?page_id=4728","url":"https:\/\/www.isoc.cl\/?page_id=4728","name":"Directorio &#8212; Internet Society Capitulo Chile \u00a9 2024","isPartOf":{"@id":"https:\/\/www.isoc.cl\/#website"},"primaryImageOfPage":{"@id":"https:\/\/www.isoc.cl\/?page_id=4728#primaryimage"},"image":{"@id":"https:\/\/www.isoc.cl\/?page_id=4728#primaryimage"},"thumbnailUrl":"https:\/\/www.isoc.cl\/wp-content\/uploads\/2022\/05\/fondo_antena_azul.jpg","datePublished":"2025-12-05T02:13:53+00:00","dateModified":"2025-12-30T22:23:55+00:00","breadcrumb":{"@id":"https:\/\/www.isoc.cl\/?page_id=4728#breadcrumb"},"inLanguage":"es-CL","potentialAction":[{"@type":"ReadAction","target":["https:\/\/www.isoc.cl\/?page_id=4728"]}]},{"@type":"ImageObject","inLanguage":"es-CL","@id":"https:\/\/www.isoc.cl\/?page_id=4728#primaryimage","url":"https:\/\/www.isoc.cl\/wp-content\/uploads\/2022\/05\/fondo_antena_azul.jpg","contentUrl":"https:\/\/www.isoc.cl\/wp-content\/uploads\/2022\/05\/fondo_antena_azul.jpg","width":1035,"height":723},{"@type":"BreadcrumbList","@id":"https:\/\/www.isoc.cl\/?page_id=4728#breadcrumb","itemListElement":[{"@type":"ListItem","position":1,"name":"Portada","item":"https:\/\/www.isoc.cl\/"},{"@type":"ListItem","position":2,"name":"Institucional","item":"https:\/\/www.isoc.cl\/?page_id=4715"},{"@type":"ListItem","position":3,"name":"Directorio"}]},{"@type":"WebSite","@id":"https:\/\/www.isoc.cl\/#website","url":"https:\/\/www.isoc.cl\/","name":"Internet Society Capitulo Chile","description":"ISOC CHILE","publisher":{"@id":"https:\/\/www.isoc.cl\/#organization"},"alternateName":"ISOC Chile","potentialAction":[{"@type":"SearchAction","target":{"@type":"EntryPoint","urlTemplate":"https:\/\/www.isoc.cl\/?s={search_term_string}"},"query-input":{"@type":"PropertyValueSpecification","valueRequired":true,"valueName":"search_term_string"}}],"inLanguage":"es-CL"},{"@type":"Organization","@id":"https:\/\/www.isoc.cl\/#organization","name":"Internet Society Capitulo Chile","url":"https:\/\/www.isoc.cl\/","logo":{"@type":"ImageObject","inLanguage":"es-CL","@id":"https:\/\/www.isoc.cl\/#\/schema\/logo\/image\/","url":"https:\/\/www.isoc.cl\/wp-content\/uploads\/2022\/05\/cropped-faviconV2.png","contentUrl":"https:\/\/www.isoc.cl\/wp-content\/uploads\/2022\/05\/cropped-faviconV2.png","width":512,"height":512,"caption":"Internet Society Capitulo Chile"},"image":{"@id":"https:\/\/www.isoc.cl\/#\/schema\/logo\/image\/"},"sameAs":["https:\/\/facebook.com\/InternetSocietyCapituloChile","https:\/\/x.com\/isoc_chile","https:\/\/www.linkedin.com\/in\/internet-society-chile\/"]}]}},"_links":{"self":[{"href":"https:\/\/www.isoc.cl\/index.php?rest_route=\/wp\/v2\/pages\/4728","targetHints":{"allow":["GET"]}}],"collection":[{"href":"https:\/\/www.isoc.cl\/index.php?rest_route=\/wp\/v2\/pages"}],"about":[{"href":"https:\/\/www.isoc.cl\/index.php?rest_route=\/wp\/v2\/types\/page"}],"author":[{"embeddable":true,"href":"https:\/\/www.isoc.cl\/index.php?rest_route=\/wp\/v2\/users\/8"}],"replies":[{"embeddable":true,"href":"https:\/\/www.isoc.cl\/index.php?rest_route=%2Fwp%2Fv2%2Fcomments&post=4728"}],"version-history":[{"count":10,"href":"https:\/\/www.isoc.cl\/index.php?rest_route=\/wp\/v2\/pages\/4728\/revisions"}],"predecessor-version":[{"id":5112,"href":"https:\/\/www.isoc.cl\/index.php?rest_route=\/wp\/v2\/pages\/4728\/revisions\/5112"}],"up":[{"embeddable":true,"href":"https:\/\/www.isoc.cl\/index.php?rest_route=\/wp\/v2\/pages\/4715"}],"wp:featuredmedia":[{"embeddable":true,"href":"https:\/\/www.isoc.cl\/index.php?rest_route=\/wp\/v2\/media\/4150"}],"wp:attachment":[{"href":"https:\/\/www.isoc.cl\/index.php?rest_route=%2Fwp%2Fv2%2Fmedia&parent=4728"}],"curies":[{"name":"wp","href":"https:\/\/api.w.org\/{rel}","templated":true}]}}