{"id":4726,"date":"2025-12-05T02:13:06","date_gmt":"2025-12-05T02:13:06","guid":{"rendered":"https:\/\/www.isoc.cl\/?page_id=4726"},"modified":"2026-01-06T15:34:20","modified_gmt":"2026-01-06T15:34:20","slug":"mision","status":"publish","type":"page","link":"https:\/\/www.isoc.cl\/?page_id=4726","title":{"rendered":"Misi\u00f3n y Visi\u00f3n"},"content":{"rendered":"\n\n\n\n\n<style>\n.node-editorial-wrapper {\n    max-width: 800px;\n    margin: 60px auto 40px auto;\n    padding: 0 20px;\n    font-family: 'Hind', sans-serif;\n}\n.node-editorial-content {\n    border-left: 6px solid #3A82E4;\n    padding-left: 40px;\n}\n.node-editorial-content p {\n    font-size: 24px;\n    line-height: 1.6;\n    color: #0C1C2C;\n    margin-bottom: 30px;\n    font-weight: 400;\n}\n.node-editorial-content strong {\n    color: #3A82E4;\n    font-weight: 600;\n}\n\n.section-divider {\n    width: 100%;\n    max-width: 800px;\n    margin: 0 auto 40px auto;\n    border: 0;\n    border-top: 1px solid #e0e0e0;\n}\n\n.vision-waterfall-wrapper {\n    width: 100%;\n    max-width: 800px;\n    margin: 0 auto 100px auto;\n    display: flex;\n    align-items: flex-start;\n    gap: 20px;\n    box-sizing: border-box;\n    padding: 0 10px;\n}\n.numbers-waterfall-container {\n    flex: 0 0 200px;\n    display: flex;\n    flex-direction: row;\n    justify-content: center;\n    gap: 4px;\n}\n.num-col-left  { width: 48%; display: flex; flex-direction: column; gap: 20px; align-items: flex-end; margin-right: -15px; }\n.num-col-right { width: 48%; display: flex; flex-direction: column; gap: 10px; padding-top: 30px; margin-left: -15px; align-items: flex-start; }\n.numbers-waterfall-container svg { width: 100%; height: 80px; display: block; overflow: visible; }\n.num-col-right svg { height: 85px; }\n.vision-text-container { flex: 1; padding-top: 10px; }\n.vision-paragraph-main {\n    font-family: \"Hind\", sans-serif;\n    font-weight: 400;\n    font-size: 24px;\n    line-height: 1.4;\n    color: #0c1c2c;\n    margin: 0;\n}\n.vision-paragraph-main strong { font-weight: 700; color: #3a82e4; }\n\n@media (max-width: 768px) {\n    .node-editorial-content { padding-left: 25px; border-left-width: 4px; }\n    .node-editorial-content p { font-size: 20px; }\n    .vision-waterfall-wrapper { flex-direction: column; align-items: center; text-align: center; }\n    .numbers-waterfall-container { width: 180px; margin-bottom: 20px; }\n    .vision-text-container { width: 100%; }\n}\n<\/style>\n\n<div class=\"node-editorial-wrapper\">\n    <div class=\"node-editorial-content\">\n        <p>Promover una Internet abierta, global, segura y confiable en Chile, mediante el fortalecimiento de capacidades comunitarias, la defensa de est\u00e1ndares abiertos y la participaci\u00f3n incidente en procesos legislativos y de pol\u00edticas p\u00fablicas.<\/p>\n    <\/div>\n<\/div>\n\n<hr class=\"section-divider\">\n\n<div class=\"vision-waterfall-wrapper\">\n  <div class=\"numbers-waterfall-container\">\n    <div class=\"num-col-left\">\n      <svg version=\"1.1\" viewBox=\"0 0 72 130.70667\" preserveAspectRatio=\"xMidYMid meet\" xmlns=\"http:\/\/www.w3.org\/2000\/svg\">\n         <path d=\"m 34.3203,821.035 34.25,-20.707 c 9.1289,-5.519 20.8438,-2.828 26.9141,5.945 31.8746,46.055 84.3316,94.032 164.5156,94.032 69.426,0 129.641,-37.418 159.625,-91.989 5.484,-9.98 18.461,-13.015 28.219,-7.144 l 33.894,20.383 c 9.227,5.547 12.512,17.465 7.25,26.859 C 445.063,926.852 358.922,980.305 260,980.305 c -92.664,0 -174.3242,-46.278 -231.9102,-130.86 -6.4531,-9.472 -3.5781,-22.48 6.2305,-28.41\" style=\"fill:#5278c5;fill-opacity:1;fill-rule:nonzero;stroke:none\" transform=\"matrix(0.13333333,0,0,-0.13333333,0,130.70667)\" \/> <path d=\"M 520,80 H 85.625 L 411.762,494.512 C 478.586,583.574 520,653.906 520,730 c 0,3.137 -0.062,6.414 -0.187,9.523 -0.618,15.34 -17.176,24.586 -30.333,16.672 l -40.691,-24.472 c -5.32,-3.2 -8.906,-8.664 -9.519,-14.836 -4.332,-43.68 -30.454,-93.008 -90.942,-173.633 L 4.28125,105.988 C 1.50781,102.465 0,94.4844 0,90 V 20 C 0,8.95313 8.95313,0 20,0 h 500 c 11.047,0 20,8.95313 20,20 v 40 c 0,11.0469 -8.953,20 -20,20\" style=\"fill:#161c26;fill-opacity:1;fill-rule:nonzero;stroke:none\" transform=\"matrix(0.13333333,0,0,-0.13333333,0,130.70667)\" \/>\n      <\/svg>\n\n      <svg version=\"1.1\" viewBox=\"0 0 75.186668 133.33333\" preserveAspectRatio=\"xMidYMid meet\" xmlns=\"http:\/\/www.w3.org\/2000\/svg\">\n         <path d=\"m 28.2109,840.117 34.5977,-20.222 c 9.0586,-5.297 20.6016,-2.618 26.5508,6.027 C 130.68,885.957 193.383,920 263.93,920 c 74.742,0 137.953,-37.906 169.101,-94.379 5.543,-10.051 17.969,-13.937 27.879,-8.144 l 34.856,20.375 c 9.343,5.461 12.746,17.421 7.519,26.902 C 458.578,945.824 369.203,1000 263.93,1000 166.684,1000 77.5547,951.262 21.6523,868.578 c -6.4609,-9.555 -3.3984,-22.64 6.5586,-28.461\" style=\"fill:#5278c5;fill-opacity:1;fill-rule:nonzero;stroke:none\" transform=\"matrix(0.13333333,0,0,-0.13333333,0,133.33333)\" \/> <path d=\"M 404.902,532.387 C 477.164,577.688 533.93,655.227 533.93,745 c 0,4.023 -0.098,8.02 -0.293,11.992 -0.723,14.832 -17.242,23.418 -30.067,15.922 l -40.742,-23.816 c -5.578,-3.262 -8.906,-9.16 -9.344,-15.61 C 447.246,640.93 366.266,570 263.93,570 h -30 c -11.047,0 -20.016,-8.953 -20.016,-20 v -40 c 0,-11.047 8.969,-20 20.016,-20 h 30 c 125.422,0 219.988,-93.137 219.988,-210 0,-116.863 -94.566,-200 -219.988,-200 -81.129,0 -152.598,37.914 -190.8792,100.066 -5.4219,8.801 -16.5586,12.106 -25.8281,7.532 L 11.2188,169.82 C 0.785156,164.672 -3.16797,151.672 2.77734,141.676 55.0508,53.7617 153.152,0 263.93,0 c 168.222,0 299.988,130.188 299.988,290 0,107.148 -69.273,193.664 -159.016,242.387\" style=\"fill:#161c26;fill-opacity:1;fill-rule:nonzero;stroke:none\" transform=\"matrix(0.13333333,0,0,-0.13333333,0,133.33333)\" \/>\n      <\/svg>\n    <\/div>\n\n    <div class=\"num-col-right\">\n      <svg version=\"1.1\" viewBox=\"0 0 192 192\" preserveAspectRatio=\"xMidYMid meet\" xmlns=\"http:\/\/www.w3.org\/2000\/svg\">\n        <g transform=\"translate(-18,-18) scale(1.22)\">\n          <path d=\"m 480.883,649.352 c 9.805,280.144 103.918,351.618 192.23,366.938 9.7,1.68 16.887,13.87 16.887,23.71 v 40 c 0,12.23 -10.93,17.88 -23.02,16.05 C 499.93,1070.88 410.563,921.469 400.887,650.629 400.484,639.359 408.723,630 420,630 h 40 c 10.777,0 20.504,8.578 20.883,19.352\" style=\"fill:#5278c5;fill-opacity:1;fill-rule:nonzero;stroke:none\" transform=\"matrix(0.13333333,0,0,-0.13333333,0,192)\" \/> <path d=\"m 750,1080 v -40 c 0,-9.83 7.164,-22.03 16.852,-23.7 C 860.164,1000.14 960,921.402 960,600 960,223.539 823.027,180 720,180 621.656,180 492.422,219.77 480.875,550.813 480.504,561.531 470.723,570 460,570 h -40 c -11.273,0 -19.516,-9.34 -19.113,-20.605 C 411.531,251.129 518.746,100 720,100 834.246,100 919.184,148.789 972.461,245.012 1017.91,327.102 1040,443.215 1040,600 1040,902.941 950.168,1069.41 772.91,1096.07 760.859,1097.88 750,1092.19 750,1080\" style=\"fill:#161c26;fill-opacity:1;fill-rule:nonzero;stroke:none\" transform=\"matrix(0.13333333,0,0,-0.13333333,0,192)\" \/>\n        <\/g>\n      <\/svg>\n\n      <svg version=\"1.1\" viewBox=\"0 0 192 192\" preserveAspectRatio=\"xMidYMid meet\" xmlns=\"http:\/\/www.w3.org\/2000\/svg\">\n        <g transform=\"translate(-18,-18) scale(1.22)\">\n          <path d=\"m 480.883,649.352 c 9.805,280.144 103.918,351.618 192.23,366.938 9.7,1.68 16.887,13.87 16.887,23.71 v 40 c 0,12.23 -10.93,17.88 -23.02,16.05 C 499.93,1070.88 410.563,921.469 400.887,650.629 400.484,639.359 408.723,630 420,630 h 40 c 10.777,0 20.504,8.578 20.883,19.352\" style=\"fill:#5278c5;fill-opacity:1;fill-rule:nonzero;stroke:none\" transform=\"matrix(0.13333333,0,0,-0.13333333,0,192)\" \/> <path d=\"m 750,1080 v -40 c 0,-9.83 7.164,-22.03 16.852,-23.7 C 860.164,1000.14 960,921.402 960,600 960,223.539 823.027,180 720,180 621.656,180 492.422,219.77 480.875,550.813 480.504,561.531 470.723,570 460,570 h -40 c -11.273,0 -19.516,-9.34 -19.113,-20.605 C 411.531,251.129 518.746,100 720,100 834.246,100 919.184,148.789 972.461,245.012 1017.91,327.102 1040,443.215 1040,600 1040,902.941 950.168,1069.41 772.91,1096.07 760.859,1097.88 750,1092.19 750,1080\" style=\"fill:#161c26;fill-opacity:1;fill-rule:nonzero;stroke:none\" transform=\"matrix(0.13333333,0,0,-0.13333333,0,192)\" \/>\n        <\/g>\n      <\/svg>\n    <\/div>\n  <\/div>\n\n  <div class=\"vision-text-container\">\n    <p class=\"vision-paragraph-main\">\n      El cap\u00edtulo de ISOC Chile ser\u00e1\n      <strong>articulado, participativo y con impacto p\u00fablico<\/strong>, capaz de\n      influir en debates regulatorios clave y promover buenas pr\u00e1cticas t\u00e9cnicas\n      que fortalezcan una <strong>Internet abierta y resiliente<\/strong>, desde\n      una base comunitaria activa y colaborativa.\n    <\/p>\n  <\/div>\n<\/div>\n","protected":false},"excerpt":{"rendered":"<p>Promover una Internet abierta, global, segura y confiable en Chile, mediante el fortalecimiento de capacidades comunitarias, la defensa de est\u00e1ndares abiertos y la participaci\u00f3n incidente en procesos legislativos y de pol\u00edticas p\u00fablicas. El cap\u00edtulo de ISOC Chile ser\u00e1 articulado, participativo y con impacto p\u00fablico, capaz de influir en debates regulatorios clave y promover buenas pr\u00e1cticas [&hellip;]<\/p>\n","protected":false},"author":8,"featured_media":4150,"parent":4715,"menu_order":0,"comment_status":"closed","ping_status":"closed","template":"pagina-interna-isoc-2025","meta":{"footnotes":""},"class_list":["post-4726","page","type-page","status-publish","has-post-thumbnail","hentry"],"yoast_head":"<!-- This site is optimized with the Yoast SEO plugin v26.8 - https:\/\/yoast.com\/product\/yoast-seo-wordpress\/ -->\n<title>Misi\u00f3n y Visi\u00f3n &#8212; Internet Society Capitulo Chile \u00a9 2024<\/title>\n<meta name=\"robots\" content=\"index, follow, max-snippet:-1, max-image-preview:large, max-video-preview:-1\" \/>\n<link rel=\"canonical\" href=\"https:\/\/www.isoc.cl\/?page_id=4726\" \/>\n<meta property=\"og:locale\" content=\"es_ES\" \/>\n<meta property=\"og:type\" content=\"article\" \/>\n<meta property=\"og:title\" content=\"Misi\u00f3n y Visi\u00f3n &#8212; Internet Society Capitulo Chile \u00a9 2024\" \/>\n<meta property=\"og:description\" content=\"Promover una Internet abierta, global, segura y confiable en Chile, mediante el fortalecimiento de capacidades comunitarias, la defensa de est\u00e1ndares abiertos y la participaci\u00f3n incidente en procesos legislativos y de pol\u00edticas p\u00fablicas. El cap\u00edtulo de ISOC Chile ser\u00e1 articulado, participativo y con impacto p\u00fablico, capaz de influir en debates regulatorios clave y promover buenas pr\u00e1cticas [&hellip;]\" \/>\n<meta property=\"og:url\" content=\"https:\/\/www.isoc.cl\/?page_id=4726\" \/>\n<meta property=\"og:site_name\" content=\"Internet Society Capitulo Chile \u00a9 2024\" \/>\n<meta property=\"article:publisher\" content=\"https:\/\/facebook.com\/InternetSocietyCapituloChile\" \/>\n<meta property=\"article:modified_time\" content=\"2026-01-06T15:34:20+00:00\" \/>\n<meta property=\"og:image\" content=\"https:\/\/www.isoc.cl\/wp-content\/uploads\/2023\/12\/Internet-2.png\" \/>\n\t<meta property=\"og:image:width\" content=\"1913\" \/>\n\t<meta property=\"og:image:height\" content=\"864\" \/>\n\t<meta property=\"og:image:type\" content=\"image\/png\" \/>\n<meta name=\"twitter:card\" content=\"summary_large_image\" \/>\n<meta name=\"twitter:site\" content=\"@isoc_chile\" \/>\n<script type=\"application\/ld+json\" class=\"yoast-schema-graph\">{\"@context\":\"https:\/\/schema.org\",\"@graph\":[{\"@type\":\"WebPage\",\"@id\":\"https:\/\/www.isoc.cl\/?page_id=4726\",\"url\":\"https:\/\/www.isoc.cl\/?page_id=4726\",\"name\":\"Misi\u00f3n y Visi\u00f3n &#8212; Internet Society Capitulo Chile \u00a9 2024\",\"isPartOf\":{\"@id\":\"https:\/\/www.isoc.cl\/#website\"},\"primaryImageOfPage\":{\"@id\":\"https:\/\/www.isoc.cl\/?page_id=4726#primaryimage\"},\"image\":{\"@id\":\"https:\/\/www.isoc.cl\/?page_id=4726#primaryimage\"},\"thumbnailUrl\":\"https:\/\/www.isoc.cl\/wp-content\/uploads\/2022\/05\/fondo_antena_azul.jpg\",\"datePublished\":\"2025-12-05T02:13:06+00:00\",\"dateModified\":\"2026-01-06T15:34:20+00:00\",\"breadcrumb\":{\"@id\":\"https:\/\/www.isoc.cl\/?page_id=4726#breadcrumb\"},\"inLanguage\":\"es-CL\",\"potentialAction\":[{\"@type\":\"ReadAction\",\"target\":[\"https:\/\/www.isoc.cl\/?page_id=4726\"]}]},{\"@type\":\"ImageObject\",\"inLanguage\":\"es-CL\",\"@id\":\"https:\/\/www.isoc.cl\/?page_id=4726#primaryimage\",\"url\":\"https:\/\/www.isoc.cl\/wp-content\/uploads\/2022\/05\/fondo_antena_azul.jpg\",\"contentUrl\":\"https:\/\/www.isoc.cl\/wp-content\/uploads\/2022\/05\/fondo_antena_azul.jpg\",\"width\":1035,\"height\":723},{\"@type\":\"BreadcrumbList\",\"@id\":\"https:\/\/www.isoc.cl\/?page_id=4726#breadcrumb\",\"itemListElement\":[{\"@type\":\"ListItem\",\"position\":1,\"name\":\"Portada\",\"item\":\"https:\/\/www.isoc.cl\/\"},{\"@type\":\"ListItem\",\"position\":2,\"name\":\"Institucional\",\"item\":\"https:\/\/www.isoc.cl\/?page_id=4715\"},{\"@type\":\"ListItem\",\"position\":3,\"name\":\"Misi\u00f3n y Visi\u00f3n\"}]},{\"@type\":\"WebSite\",\"@id\":\"https:\/\/www.isoc.cl\/#website\",\"url\":\"https:\/\/www.isoc.cl\/\",\"name\":\"Internet Society Capitulo Chile\",\"description\":\"ISOC CHILE\",\"publisher\":{\"@id\":\"https:\/\/www.isoc.cl\/#organization\"},\"alternateName\":\"ISOC Chile\",\"potentialAction\":[{\"@type\":\"SearchAction\",\"target\":{\"@type\":\"EntryPoint\",\"urlTemplate\":\"https:\/\/www.isoc.cl\/?s={search_term_string}\"},\"query-input\":{\"@type\":\"PropertyValueSpecification\",\"valueRequired\":true,\"valueName\":\"search_term_string\"}}],\"inLanguage\":\"es-CL\"},{\"@type\":\"Organization\",\"@id\":\"https:\/\/www.isoc.cl\/#organization\",\"name\":\"Internet Society Capitulo Chile\",\"url\":\"https:\/\/www.isoc.cl\/\",\"logo\":{\"@type\":\"ImageObject\",\"inLanguage\":\"es-CL\",\"@id\":\"https:\/\/www.isoc.cl\/#\/schema\/logo\/image\/\",\"url\":\"https:\/\/www.isoc.cl\/wp-content\/uploads\/2022\/05\/cropped-faviconV2.png\",\"contentUrl\":\"https:\/\/www.isoc.cl\/wp-content\/uploads\/2022\/05\/cropped-faviconV2.png\",\"width\":512,\"height\":512,\"caption\":\"Internet Society Capitulo Chile\"},\"image\":{\"@id\":\"https:\/\/www.isoc.cl\/#\/schema\/logo\/image\/\"},\"sameAs\":[\"https:\/\/facebook.com\/InternetSocietyCapituloChile\",\"https:\/\/x.com\/isoc_chile\",\"https:\/\/www.linkedin.com\/in\/internet-society-chile\/\"]}]}<\/script>\n<!-- \/ Yoast SEO plugin. -->","yoast_head_json":{"title":"Misi\u00f3n y Visi\u00f3n &#8212; Internet Society Capitulo Chile \u00a9 2024","robots":{"index":"index","follow":"follow","max-snippet":"max-snippet:-1","max-image-preview":"max-image-preview:large","max-video-preview":"max-video-preview:-1"},"canonical":"https:\/\/www.isoc.cl\/?page_id=4726","og_locale":"es_ES","og_type":"article","og_title":"Misi\u00f3n y Visi\u00f3n &#8212; Internet Society Capitulo Chile \u00a9 2024","og_description":"Promover una Internet abierta, global, segura y confiable en Chile, mediante el fortalecimiento de capacidades comunitarias, la defensa de est\u00e1ndares abiertos y la participaci\u00f3n incidente en procesos legislativos y de pol\u00edticas p\u00fablicas. El cap\u00edtulo de ISOC Chile ser\u00e1 articulado, participativo y con impacto p\u00fablico, capaz de influir en debates regulatorios clave y promover buenas pr\u00e1cticas [&hellip;]","og_url":"https:\/\/www.isoc.cl\/?page_id=4726","og_site_name":"Internet Society Capitulo Chile \u00a9 2024","article_publisher":"https:\/\/facebook.com\/InternetSocietyCapituloChile","article_modified_time":"2026-01-06T15:34:20+00:00","og_image":[{"width":1913,"height":864,"url":"https:\/\/www.isoc.cl\/wp-content\/uploads\/2023\/12\/Internet-2.png","type":"image\/png"}],"twitter_card":"summary_large_image","twitter_site":"@isoc_chile","schema":{"@context":"https:\/\/schema.org","@graph":[{"@type":"WebPage","@id":"https:\/\/www.isoc.cl\/?page_id=4726","url":"https:\/\/www.isoc.cl\/?page_id=4726","name":"Misi\u00f3n y Visi\u00f3n &#8212; Internet Society Capitulo Chile \u00a9 2024","isPartOf":{"@id":"https:\/\/www.isoc.cl\/#website"},"primaryImageOfPage":{"@id":"https:\/\/www.isoc.cl\/?page_id=4726#primaryimage"},"image":{"@id":"https:\/\/www.isoc.cl\/?page_id=4726#primaryimage"},"thumbnailUrl":"https:\/\/www.isoc.cl\/wp-content\/uploads\/2022\/05\/fondo_antena_azul.jpg","datePublished":"2025-12-05T02:13:06+00:00","dateModified":"2026-01-06T15:34:20+00:00","breadcrumb":{"@id":"https:\/\/www.isoc.cl\/?page_id=4726#breadcrumb"},"inLanguage":"es-CL","potentialAction":[{"@type":"ReadAction","target":["https:\/\/www.isoc.cl\/?page_id=4726"]}]},{"@type":"ImageObject","inLanguage":"es-CL","@id":"https:\/\/www.isoc.cl\/?page_id=4726#primaryimage","url":"https:\/\/www.isoc.cl\/wp-content\/uploads\/2022\/05\/fondo_antena_azul.jpg","contentUrl":"https:\/\/www.isoc.cl\/wp-content\/uploads\/2022\/05\/fondo_antena_azul.jpg","width":1035,"height":723},{"@type":"BreadcrumbList","@id":"https:\/\/www.isoc.cl\/?page_id=4726#breadcrumb","itemListElement":[{"@type":"ListItem","position":1,"name":"Portada","item":"https:\/\/www.isoc.cl\/"},{"@type":"ListItem","position":2,"name":"Institucional","item":"https:\/\/www.isoc.cl\/?page_id=4715"},{"@type":"ListItem","position":3,"name":"Misi\u00f3n y Visi\u00f3n"}]},{"@type":"WebSite","@id":"https:\/\/www.isoc.cl\/#website","url":"https:\/\/www.isoc.cl\/","name":"Internet Society Capitulo Chile","description":"ISOC CHILE","publisher":{"@id":"https:\/\/www.isoc.cl\/#organization"},"alternateName":"ISOC Chile","potentialAction":[{"@type":"SearchAction","target":{"@type":"EntryPoint","urlTemplate":"https:\/\/www.isoc.cl\/?s={search_term_string}"},"query-input":{"@type":"PropertyValueSpecification","valueRequired":true,"valueName":"search_term_string"}}],"inLanguage":"es-CL"},{"@type":"Organization","@id":"https:\/\/www.isoc.cl\/#organization","name":"Internet Society Capitulo Chile","url":"https:\/\/www.isoc.cl\/","logo":{"@type":"ImageObject","inLanguage":"es-CL","@id":"https:\/\/www.isoc.cl\/#\/schema\/logo\/image\/","url":"https:\/\/www.isoc.cl\/wp-content\/uploads\/2022\/05\/cropped-faviconV2.png","contentUrl":"https:\/\/www.isoc.cl\/wp-content\/uploads\/2022\/05\/cropped-faviconV2.png","width":512,"height":512,"caption":"Internet Society Capitulo Chile"},"image":{"@id":"https:\/\/www.isoc.cl\/#\/schema\/logo\/image\/"},"sameAs":["https:\/\/facebook.com\/InternetSocietyCapituloChile","https:\/\/x.com\/isoc_chile","https:\/\/www.linkedin.com\/in\/internet-society-chile\/"]}]}},"_links":{"self":[{"href":"https:\/\/www.isoc.cl\/index.php?rest_route=\/wp\/v2\/pages\/4726","targetHints":{"allow":["GET"]}}],"collection":[{"href":"https:\/\/www.isoc.cl\/index.php?rest_route=\/wp\/v2\/pages"}],"about":[{"href":"https:\/\/www.isoc.cl\/index.php?rest_route=\/wp\/v2\/types\/page"}],"author":[{"embeddable":true,"href":"https:\/\/www.isoc.cl\/index.php?rest_route=\/wp\/v2\/users\/8"}],"replies":[{"embeddable":true,"href":"https:\/\/www.isoc.cl\/index.php?rest_route=%2Fwp%2Fv2%2Fcomments&post=4726"}],"version-history":[{"count":10,"href":"https:\/\/www.isoc.cl\/index.php?rest_route=\/wp\/v2\/pages\/4726\/revisions"}],"predecessor-version":[{"id":5471,"href":"https:\/\/www.isoc.cl\/index.php?rest_route=\/wp\/v2\/pages\/4726\/revisions\/5471"}],"up":[{"embeddable":true,"href":"https:\/\/www.isoc.cl\/index.php?rest_route=\/wp\/v2\/pages\/4715"}],"wp:featuredmedia":[{"embeddable":true,"href":"https:\/\/www.isoc.cl\/index.php?rest_route=\/wp\/v2\/media\/4150"}],"wp:attachment":[{"href":"https:\/\/www.isoc.cl\/index.php?rest_route=%2Fwp%2Fv2%2Fmedia&parent=4726"}],"curies":[{"name":"wp","href":"https:\/\/api.w.org\/{rel}","templated":true}]}}